{"id":3309,"date":"2026-01-30T16:07:23","date_gmt":"2026-01-30T15:07:23","guid":{"rendered":"https:\/\/ugabiopharma.com\/?page_id=3309"},"modified":"2026-02-26T23:24:44","modified_gmt":"2026-02-26T22:24:44","slug":"cho-prime-lg-medium-w-o-ht","status":"publish","type":"page","link":"https:\/\/ugabiopharma.com\/de\/cho-prime-lg-medium-w-o-ht\/","title":{"rendered":"CHO Prime\u00ae LG Medium w.o HT"},"content":{"rendered":"<p><div class=\"fusion-fullwidth fullwidth-box fusion-builder-row-1 fusion-flex-container has-pattern-background has-mask-background gradient-container-1 nonhundred-percent-fullwidth non-hundred-percent-height-scrolling\" style=\"--awb-border-radius-top-left:0px;--awb-border-radius-top-right:0px;--awb-border-radius-bottom-right:0px;--awb-border-radius-bottom-left:0px;--awb-margin-top:120px;--awb-flex-wrap:wrap;\" ><div class=\"fusion-builder-row fusion-row fusion-flex-align-items-flex-start fusion-flex-content-wrap\" style=\"max-width:1185.6px;margin-left: calc(-4% \/ 2 );margin-right: calc(-4% \/ 2 );\"><div class=\"fusion-layout-column fusion_builder_column fusion-builder-column-0 fusion_builder_column_1_2 1_2 fusion-flex-column\" style=\"--awb-bg-size:cover;--awb-width-large:50%;--awb-margin-top-large:0px;--awb-spacing-right-large:3.84%;--awb-margin-bottom-large:20px;--awb-spacing-left-large:3.84%;--awb-width-medium:50%;--awb-order-medium:0;--awb-spacing-right-medium:3.84%;--awb-spacing-left-medium:3.84%;--awb-width-small:100%;--awb-order-small:0;--awb-spacing-right-small:1.92%;--awb-spacing-left-small:1.92%;\"><div class=\"fusion-column-wrapper fusion-column-has-shadow fusion-flex-justify-content-flex-start fusion-content-layout-column\"><div class=\"awb-gallery-wrapper awb-gallery-wrapper-1 button-span-no\" style=\"--more-btn-alignment:center;\" data-limit=\"2\" data-page=\"1\"><div style=\"margin:-5px;--awb-aspect-ratio: 100 \/ 120;--awb-object-position:49% 35%;--awb-bordersize:0px;\" class=\"fusion-gallery fusion-gallery-container fusion-grid-2 fusion-columns-total-2 fusion-gallery-layout-grid fusion-gallery-1 has-aspect-ratio\"><div style=\"padding:5px;\" class=\"fusion-grid-column fusion-gallery-column fusion-gallery-column-2 hover-type-none\"><div class=\"fusion-gallery-image\"><a href=\"https:\/\/ugabiopharma.com\/wp-content\/uploads\/2026\/02\/CHO-Prime-LG-MediumR-w.o.-HT-liquid-scaled.jpg\" rel=\"noreferrer\" data-rel=\"iLightbox[gallery_image_1]\" class=\"fusion-lightbox\" target=\"_self\"><img decoding=\"async\" src=\"https:\/\/ugabiopharma.com\/wp-content\/uploads\/2026\/02\/CHO-Prime-LG-MediumR-w.o.-HT-liquid-scaled.jpg\" data-orig-src=\"https:\/\/ugabiopharma.com\/wp-content\/uploads\/2026\/02\/CHO-Prime-LG-MediumR-w.o.-HT-liquid-scaled.jpg\" width=\"1703\" height=\"2560\" alt=\"\" title=\"CHO Prime LG Medium(R) w.o. HT (liquid)\" aria-label=\"CHO Prime LG Medium(R) w.o. HT (liquid)\" class=\"lazyload img-responsive wp-image-3540\" srcset=\"data:image\/svg+xml,%3Csvg%20xmlns%3D%27http%3A%2F%2Fwww.w3.org%2F2000%2Fsvg%27%20width%3D%271703%27%20height%3D%272560%27%20viewBox%3D%270%200%201703%202560%27%3E%3Crect%20width%3D%271703%27%20height%3D%272560%27%20fill-opacity%3D%220%22%2F%3E%3C%2Fsvg%3E\" data-srcset=\"https:\/\/ugabiopharma.com\/wp-content\/uploads\/2026\/02\/CHO-Prime-LG-MediumR-w.o.-HT-liquid-200x301.jpg 200w, https:\/\/ugabiopharma.com\/wp-content\/uploads\/2026\/02\/CHO-Prime-LG-MediumR-w.o.-HT-liquid-400x601.jpg 400w, https:\/\/ugabiopharma.com\/wp-content\/uploads\/2026\/02\/CHO-Prime-LG-MediumR-w.o.-HT-liquid-600x902.jpg 600w, https:\/\/ugabiopharma.com\/wp-content\/uploads\/2026\/02\/CHO-Prime-LG-MediumR-w.o.-HT-liquid-800x1202.jpg 800w, https:\/\/ugabiopharma.com\/wp-content\/uploads\/2026\/02\/CHO-Prime-LG-MediumR-w.o.-HT-liquid-1200x1804.jpg 1200w, https:\/\/ugabiopharma.com\/wp-content\/uploads\/2026\/02\/CHO-Prime-LG-MediumR-w.o.-HT-liquid-scaled.jpg 1703w\" data-sizes=\"auto\" data-orig-sizes=\"(min-width: 2200px) 100vw, (min-width: 712px) 568px, (min-width: 640px) 712px, \" \/><\/a><\/div><\/div><div style=\"padding:5px;\" class=\"fusion-grid-column fusion-gallery-column fusion-gallery-column-2 hover-type-none\"><div class=\"fusion-gallery-image\"><a href=\"https:\/\/ugabiopharma.com\/wp-content\/uploads\/2026\/02\/CHO-Prime-LG-MediumR-w.o.-HT-powder-scaled.jpg\" rel=\"noreferrer\" data-rel=\"iLightbox[gallery_image_1]\" class=\"fusion-lightbox\" target=\"_self\"><img decoding=\"async\" src=\"https:\/\/ugabiopharma.com\/wp-content\/uploads\/2026\/02\/CHO-Prime-LG-MediumR-w.o.-HT-powder-scaled.jpg\" data-orig-src=\"https:\/\/ugabiopharma.com\/wp-content\/uploads\/2026\/02\/CHO-Prime-LG-MediumR-w.o.-HT-powder-scaled.jpg\" width=\"1703\" height=\"2560\" alt=\"\" title=\"CHO Prime LG Medium(R) w.o. HT (powder)\" aria-label=\"CHO Prime LG Medium(R) w.o. HT (powder)\" class=\"lazyload img-responsive wp-image-3542\" style=\"object-position:16% 58%;\" srcset=\"data:image\/svg+xml,%3Csvg%20xmlns%3D%27http%3A%2F%2Fwww.w3.org%2F2000%2Fsvg%27%20width%3D%271703%27%20height%3D%272560%27%20viewBox%3D%270%200%201703%202560%27%3E%3Crect%20width%3D%271703%27%20height%3D%272560%27%20fill-opacity%3D%220%22%2F%3E%3C%2Fsvg%3E\" data-srcset=\"https:\/\/ugabiopharma.com\/wp-content\/uploads\/2026\/02\/CHO-Prime-LG-MediumR-w.o.-HT-powder-200x301.jpg 200w, https:\/\/ugabiopharma.com\/wp-content\/uploads\/2026\/02\/CHO-Prime-LG-MediumR-w.o.-HT-powder-400x601.jpg 400w, https:\/\/ugabiopharma.com\/wp-content\/uploads\/2026\/02\/CHO-Prime-LG-MediumR-w.o.-HT-powder-600x902.jpg 600w, https:\/\/ugabiopharma.com\/wp-content\/uploads\/2026\/02\/CHO-Prime-LG-MediumR-w.o.-HT-powder-800x1202.jpg 800w, https:\/\/ugabiopharma.com\/wp-content\/uploads\/2026\/02\/CHO-Prime-LG-MediumR-w.o.-HT-powder-1200x1804.jpg 1200w, https:\/\/ugabiopharma.com\/wp-content\/uploads\/2026\/02\/CHO-Prime-LG-MediumR-w.o.-HT-powder-scaled.jpg 1703w\" data-sizes=\"auto\" data-orig-sizes=\"(min-width: 2200px) 100vw, (min-width: 712px) 568px, (min-width: 640px) 712px, \" \/><\/a><\/div><\/div><div class=\"clearfix\"><\/div><\/div><\/div><\/div><\/div><div class=\"fusion-layout-column fusion_builder_column fusion-builder-column-1 fusion_builder_column_1_2 1_2 fusion-flex-column\" style=\"--awb-bg-size:cover;--awb-width-large:50%;--awb-margin-top-large:0px;--awb-spacing-right-large:3.84%;--awb-margin-bottom-large:20px;--awb-spacing-left-large:3.84%;--awb-width-medium:50%;--awb-order-medium:0;--awb-spacing-right-medium:3.84%;--awb-spacing-left-medium:3.84%;--awb-width-small:100%;--awb-order-small:0;--awb-spacing-right-small:1.92%;--awb-spacing-left-small:1.92%;\"><div class=\"fusion-column-wrapper fusion-column-has-shadow fusion-flex-justify-content-flex-start fusion-content-layout-column\"><div class=\"fusion-title title fusion-title-1 fusion-sep-none fusion-title-text fusion-title-size-three\"><h3 class=\"fusion-title-heading title-heading-left fusion-responsive-typography-calculated\" style=\"margin:0;--fontSize:31.25;line-height:1.12;\">CHO Prime<sup style=\"color: inherit;\">\u00ae<\/sup> LG Medium w.o. HT<\/h3><\/div><div class=\"fusion-separator trennerheadline\" style=\"align-self: flex-start;margin-right:auto;margin-bottom:30px;width:100%;max-width:68px;\"><\/div><div class=\"fusion-text fusion-text-1\"><div class=\"fusion-text fusion-text-2\">\n<p class=\"p1\"><strong>CHO Prime<sup>\u00ae<\/sup>-Produkte<\/strong> sind chemisch definiert (CD) und proteinfrei und f\u00fcr die Expression rekombinanter Proteine mit CHO-Zellen (Chinese Hamster Ovary) optimiert. Alle Produkte werden unter GMP-konformen Bedingungen hergestellt.<\/p>\n<p class=\"p1\">Alle <strong>CHO Prime<sup>\u00ae<\/sup>-Produkte<\/strong> sind frei von tierischen und menschlichen Bestandteilen (ADCF) und darauf ausgelegt, die Produktivit\u00e4t w\u00e4hrend der biologischen Verarbeitung zu steigern. Durch Anpassung der Feedrate und Auswahl der richtigen <strong>CHO Prime<sup>\u00ae<\/sup>-Produkte<\/strong> lassen sich maximale Produktivit\u00e4t und optimale Produktqualit\u00e4t erzielen. Alle Produkte eignen sich f\u00fcr die Herstellung biologischer Produkte unter Verwendung von CHO-GS, CHO-K1, CHO-S oder CHO-DG44.<\/p>\n<\/div>\n<\/div><\/div><\/div><div class=\"fusion-layout-column fusion_builder_column fusion-builder-column-2 fusion_builder_column_1_1 1_1 fusion-flex-column\" style=\"--awb-bg-size:cover;--awb-width-large:100%;--awb-margin-top-large:0px;--awb-spacing-right-large:1.92%;--awb-margin-bottom-large:20px;--awb-spacing-left-large:1.92%;--awb-width-medium:100%;--awb-order-medium:0;--awb-spacing-right-medium:1.92%;--awb-spacing-left-medium:1.92%;--awb-width-small:100%;--awb-order-small:0;--awb-spacing-right-small:1.92%;--awb-spacing-left-small:1.92%;\"><div class=\"fusion-column-wrapper fusion-column-has-shadow fusion-flex-justify-content-flex-start fusion-content-layout-column\"><div class=\"fusion-separator fusion-full-width-sep\" style=\"align-self: center;margin-left: auto;margin-right: auto;margin-bottom:15px;width:100%;\"><\/div><div class=\"fusion-text fusion-text-2\"><p class=\"p1\"><b>CHO Prime<sup>\u00ae<\/sup> LG Medium w.o. HT<\/b> enth\u00e4lt kein Hypoxanthin und kein Thymidin (HT). Dieses Medium ist speziell f\u00fcr die Reduzierung von galaktosylierten N-Glykanspezies in Produktionsprozessen entwickelt. Ein passendes Glykanprofil ist speziell im Kontext einer Biosimilarentwicklung essenziell. <strong>CHO Prime<sup>\u00ae<\/sup> LG Medium Plus w.o. HT<\/strong> ist speziell f\u00fcr hochproduzierende Zelllinien entwickelt, die eine hohe Zelldichte erreichen.<\/p>\n<p class=\"p1\"><b>CHO Prime<sup>\u00ae<\/sup> LG Medium w.o. HT<\/b> kann als eigenst\u00e4ndiges Medium verwendet werden oder mit <b>CHO Prime<sup>\u00ae<\/sup> Medium w.o. HT<\/b> in verschiedenen Verh\u00e4ltnissen gemischt werden. Das gew\u00fcnschte Galaktosylierungsprofil l\u00e4sst sich entsprechend einstellen.<\/p>\n<p class=\"p1\"><b>CHO Prime<sup>\u00ae<\/sup> LG Medium w.o. HT<\/b> kann bei der Herstellung von Zellbanken oder bei Routinekultivierungen eingesetzt werden. F\u00fcr Produktivit\u00e4tsscreening oder die biopharmazeutische Produktion kann das Produkt mit Hypoxanthin und Thymidin (HT) erg\u00e4nzt werden, um die Produktivit\u00e4t zu maximieren.<\/p>\n<p class=\"p1\">Weitere Informationen finden Sie in der Application Note.<\/p>\n<div class=\"table-2\">\n<table>\n<thead>\n<tr>\n<th>Produkt<\/th>\n<th>Katalognummer<\/th>\n<th>Verpackungsgr\u00f6\u00dfe<\/th>\n<th>Lagerung<\/th>\n<th>Haltbarkeit<\/th>\n<\/tr>\n<\/thead>\n<tbody>\n<tr>\n<td rowspan=\"2\">\n<p class=\"p1\"><b>CHO Prime<sup>\u00ae<\/sup> LG Medium w.o. HT<\/b><\/p>\n<\/td>\n<td>Fl\u00fcssig: C250007R<\/td>\n<td>1 L<\/td>\n<td>2\u20138\u00b0C, vor Licht gesch\u00fctzt<\/td>\n<td>\n<p class=\"p1\">In Testung*<\/p>\n<\/td>\n<\/tr>\n<tr>\n<td>Pulver: C250002W<\/td>\n<td>\n<p class=\"p1\">5 L<br \/>\n100 L<br \/>\n500 L<\/p>\n<\/td>\n<td>2\u20138\u00b0C, vor Licht gesch\u00fctzt, trockene Lagerbedingungen<\/td>\n<td>\n<p class=\"p1\">In Testung*<\/p>\n<\/td>\n<\/tr>\n<\/tbody>\n<\/table>\n<\/div>\n<p style=\"font-size: 12px;\">* Die Stabilit\u00e4tsstudien zu diesem Produkt sind noch nicht abgeschlossen. Die angestrebte Haltbarkeit ist 36 Monate. Der aktuelle Stand der Stabilit\u00e4tsstudie kann angefragt oder dem Etikett des Produktes entnommen werden.<\/p>\n<p class=\"p1\">Bei weiteren Fragen oder f\u00fcr eine Unterst\u00fctzung durch unsere Medienexperten wenden Sie sich gerne an uns:<\/p>\n<p class=\"p1\">E-mail: info@ugabiopharma.com<\/p>\n<p class=\"p1\">Telefon: +49 3302 \/ 2024900<\/p>\n<\/div><\/div><\/div><\/div><\/div><div class=\"fusion-fullwidth fullwidth-box fusion-builder-row-2 fusion-flex-container has-pattern-background has-mask-background gradient-container-2 nonhundred-percent-fullwidth non-hundred-percent-height-scrolling\" style=\"--awb-border-radius-top-left:0px;--awb-border-radius-top-right:0px;--awb-border-radius-bottom-right:0px;--awb-border-radius-bottom-left:0px;--awb-flex-wrap:wrap;\" ><div class=\"fusion-builder-row fusion-row fusion-flex-align-items-flex-start fusion-flex-content-wrap\" style=\"max-width:1185.6px;margin-left: calc(-4% \/ 2 );margin-right: calc(-4% \/ 2 );\"><div class=\"fusion-layout-column fusion_builder_column fusion-builder-column-3 fusion_builder_column_1_1 1_1 fusion-flex-column\" style=\"--awb-bg-size:cover;--awb-width-large:100%;--awb-margin-top-large:0px;--awb-spacing-right-large:1.92%;--awb-margin-bottom-large:20px;--awb-spacing-left-large:1.92%;--awb-width-medium:100%;--awb-order-medium:0;--awb-spacing-right-medium:1.92%;--awb-spacing-left-medium:1.92%;--awb-width-small:100%;--awb-order-small:0;--awb-spacing-right-small:1.92%;--awb-spacing-left-small:1.92%;\"><div class=\"fusion-column-wrapper fusion-column-has-shadow fusion-flex-justify-content-flex-start fusion-content-layout-column\"><div class=\"fusion-title title fusion-title-2 fusion-sep-none fusion-title-text fusion-title-size-three\"><h3 class=\"fusion-title-heading title-heading-left fusion-responsive-typography-calculated\" style=\"margin:0;--fontSize:31.25;line-height:1.12;\">Downloads<\/h3><\/div><div class=\"fusion-separator trennerheadline\" style=\"align-self: flex-start;margin-right:auto;margin-bottom:30px;width:100%;max-width:68px;\"><\/div><ul style=\"--awb-size:18px;--awb-item-padding-bottom:10px;--awb-iconcolor:var(--awb-color4);--awb-textcolor:var(--awb-color7);--awb-line-height:30.6px;--awb-icon-width:30.6px;--awb-icon-height:30.6px;--awb-icon-margin:12.6px;--awb-content-margin:43.2px;--awb-circlecolor:rgba(255,255,255,0);--awb-circle-yes-font-size:15.84px;\" class=\"fusion-checklist fusion-checklist-1 fusion-checklist-default type-icons\"><li class=\"fusion-li-item\" style=\"\"><span class=\"icon-wrapper circle-yes\"><i class=\"fusion-li-icon fa-file-pdf far\" aria-hidden=\"true\"><\/i><\/span><div class=\"fusion-li-item-content\"><a href=\"https:\/\/ugabiopharma.com\/wp-content\/uploads\/2026\/02\/Application-note-CHO-Prime-products_V01.pdf\">Application note CHO Prime<sup style=\"color: inherit;\">\u00ae<\/sup> products_V01.pdf<\/a><\/div><\/li><\/ul><\/div><\/div><\/div><\/div><\/p>\n","protected":false},"excerpt":{"rendered":"","protected":false},"author":6,"featured_media":0,"parent":0,"menu_order":0,"comment_status":"closed","ping_status":"closed","template":"100-width.php","meta":{"footnotes":""},"class_list":["post-3309","page","type-page","status-publish","hentry"],"yoast_head":"<!-- This site is optimized with the Yoast SEO plugin v23.6 - https:\/\/yoast.com\/wordpress\/plugins\/seo\/ -->\n<title>CHO Prime\u00ae LG Medium w.o HT - UGA Biopharma<\/title>\n<meta name=\"robots\" content=\"index, follow, max-snippet:-1, max-image-preview:large, max-video-preview:-1\" \/>\n<link rel=\"canonical\" href=\"https:\/\/ugabiopharma.com\/de\/cho-prime-lg-medium-w-o-ht\/\" \/>\n<meta property=\"og:locale\" content=\"de_DE\" \/>\n<meta property=\"og:type\" content=\"article\" \/>\n<meta property=\"og:title\" content=\"CHO Prime\u00ae LG Medium w.o HT - UGA Biopharma\" \/>\n<meta property=\"og:url\" content=\"https:\/\/ugabiopharma.com\/de\/cho-prime-lg-medium-w-o-ht\/\" \/>\n<meta property=\"og:site_name\" content=\"UGA Biopharma\" \/>\n<meta property=\"article:modified_time\" content=\"2026-02-26T22:24:44+00:00\" \/>\n<meta property=\"og:image\" content=\"https:\/\/ugabiopharma.com\/wp-content\/uploads\/2023\/05\/uga-biopharma-logo.png\" \/>\n\t<meta property=\"og:image:width\" content=\"224\" \/>\n\t<meta property=\"og:image:height\" content=\"130\" \/>\n\t<meta property=\"og:image:type\" content=\"image\/png\" \/>\n<meta name=\"twitter:card\" content=\"summary_large_image\" \/>\n<meta name=\"twitter:label1\" content=\"Gesch\u00e4tzte Lesezeit\" \/>\n\t<meta name=\"twitter:data1\" content=\"2\u00a0Minuten\" \/>\n<script type=\"application\/ld+json\" class=\"yoast-schema-graph\">{\"@context\":\"https:\/\/schema.org\",\"@graph\":[{\"@type\":\"WebPage\",\"@id\":\"https:\/\/ugabiopharma.com\/de\/cho-prime-lg-medium-w-o-ht\/\",\"url\":\"https:\/\/ugabiopharma.com\/de\/cho-prime-lg-medium-w-o-ht\/\",\"name\":\"CHO Prime\u00ae LG Medium w.o HT - UGA Biopharma\",\"isPartOf\":{\"@id\":\"https:\/\/ugabiopharma.com\/#website\"},\"datePublished\":\"2026-01-30T15:07:23+00:00\",\"dateModified\":\"2026-02-26T22:24:44+00:00\",\"breadcrumb\":{\"@id\":\"https:\/\/ugabiopharma.com\/de\/cho-prime-lg-medium-w-o-ht\/#breadcrumb\"},\"inLanguage\":\"de\",\"potentialAction\":[{\"@type\":\"ReadAction\",\"target\":[\"https:\/\/ugabiopharma.com\/de\/cho-prime-lg-medium-w-o-ht\/\"]}]},{\"@type\":\"BreadcrumbList\",\"@id\":\"https:\/\/ugabiopharma.com\/de\/cho-prime-lg-medium-w-o-ht\/#breadcrumb\",\"itemListElement\":[{\"@type\":\"ListItem\",\"position\":1,\"name\":\"Home\",\"item\":\"https:\/\/ugabiopharma.com\/de\/\"},{\"@type\":\"ListItem\",\"position\":2,\"name\":\"CHO Prime\u00ae LG Medium w.o HT\"}]},{\"@type\":\"WebSite\",\"@id\":\"https:\/\/ugabiopharma.com\/#website\",\"url\":\"https:\/\/ugabiopharma.com\/\",\"name\":\"UGA Biopharma\",\"description\":\"\",\"publisher\":{\"@id\":\"https:\/\/ugabiopharma.com\/#organization\"},\"potentialAction\":[{\"@type\":\"SearchAction\",\"target\":{\"@type\":\"EntryPoint\",\"urlTemplate\":\"https:\/\/ugabiopharma.com\/?s={search_term_string}\"},\"query-input\":{\"@type\":\"PropertyValueSpecification\",\"valueRequired\":true,\"valueName\":\"search_term_string\"}}],\"inLanguage\":\"de\"},{\"@type\":\"Organization\",\"@id\":\"https:\/\/ugabiopharma.com\/#organization\",\"name\":\"UGA Biopharma\",\"url\":\"https:\/\/ugabiopharma.com\/\",\"logo\":{\"@type\":\"ImageObject\",\"inLanguage\":\"de\",\"@id\":\"https:\/\/ugabiopharma.com\/#\/schema\/logo\/image\/\",\"url\":\"https:\/\/ugabiopharma.com\/wp-content\/uploads\/2023\/05\/uga-biopharma-logo.png\",\"contentUrl\":\"https:\/\/ugabiopharma.com\/wp-content\/uploads\/2023\/05\/uga-biopharma-logo.png\",\"width\":224,\"height\":130,\"caption\":\"UGA Biopharma\"},\"image\":{\"@id\":\"https:\/\/ugabiopharma.com\/#\/schema\/logo\/image\/\"}}]}<\/script>\n<!-- \/ Yoast SEO plugin. -->","yoast_head_json":{"title":"CHO Prime\u00ae LG Medium w.o HT - UGA Biopharma","robots":{"index":"index","follow":"follow","max-snippet":"max-snippet:-1","max-image-preview":"max-image-preview:large","max-video-preview":"max-video-preview:-1"},"canonical":"https:\/\/ugabiopharma.com\/de\/cho-prime-lg-medium-w-o-ht\/","og_locale":"de_DE","og_type":"article","og_title":"CHO Prime\u00ae LG Medium w.o HT - UGA Biopharma","og_url":"https:\/\/ugabiopharma.com\/de\/cho-prime-lg-medium-w-o-ht\/","og_site_name":"UGA Biopharma","article_modified_time":"2026-02-26T22:24:44+00:00","og_image":[{"width":224,"height":130,"url":"https:\/\/ugabiopharma.com\/wp-content\/uploads\/2023\/05\/uga-biopharma-logo.png","type":"image\/png"}],"twitter_card":"summary_large_image","twitter_misc":{"Gesch\u00e4tzte Lesezeit":"2\u00a0Minuten"},"schema":{"@context":"https:\/\/schema.org","@graph":[{"@type":"WebPage","@id":"https:\/\/ugabiopharma.com\/de\/cho-prime-lg-medium-w-o-ht\/","url":"https:\/\/ugabiopharma.com\/de\/cho-prime-lg-medium-w-o-ht\/","name":"CHO Prime\u00ae LG Medium w.o HT - UGA Biopharma","isPartOf":{"@id":"https:\/\/ugabiopharma.com\/#website"},"datePublished":"2026-01-30T15:07:23+00:00","dateModified":"2026-02-26T22:24:44+00:00","breadcrumb":{"@id":"https:\/\/ugabiopharma.com\/de\/cho-prime-lg-medium-w-o-ht\/#breadcrumb"},"inLanguage":"de","potentialAction":[{"@type":"ReadAction","target":["https:\/\/ugabiopharma.com\/de\/cho-prime-lg-medium-w-o-ht\/"]}]},{"@type":"BreadcrumbList","@id":"https:\/\/ugabiopharma.com\/de\/cho-prime-lg-medium-w-o-ht\/#breadcrumb","itemListElement":[{"@type":"ListItem","position":1,"name":"Home","item":"https:\/\/ugabiopharma.com\/de\/"},{"@type":"ListItem","position":2,"name":"CHO Prime\u00ae LG Medium w.o HT"}]},{"@type":"WebSite","@id":"https:\/\/ugabiopharma.com\/#website","url":"https:\/\/ugabiopharma.com\/","name":"UGA Biopharma","description":"","publisher":{"@id":"https:\/\/ugabiopharma.com\/#organization"},"potentialAction":[{"@type":"SearchAction","target":{"@type":"EntryPoint","urlTemplate":"https:\/\/ugabiopharma.com\/?s={search_term_string}"},"query-input":{"@type":"PropertyValueSpecification","valueRequired":true,"valueName":"search_term_string"}}],"inLanguage":"de"},{"@type":"Organization","@id":"https:\/\/ugabiopharma.com\/#organization","name":"UGA Biopharma","url":"https:\/\/ugabiopharma.com\/","logo":{"@type":"ImageObject","inLanguage":"de","@id":"https:\/\/ugabiopharma.com\/#\/schema\/logo\/image\/","url":"https:\/\/ugabiopharma.com\/wp-content\/uploads\/2023\/05\/uga-biopharma-logo.png","contentUrl":"https:\/\/ugabiopharma.com\/wp-content\/uploads\/2023\/05\/uga-biopharma-logo.png","width":224,"height":130,"caption":"UGA Biopharma"},"image":{"@id":"https:\/\/ugabiopharma.com\/#\/schema\/logo\/image\/"}}]}},"_links":{"self":[{"href":"https:\/\/ugabiopharma.com\/de\/wp-json\/wp\/v2\/pages\/3309","targetHints":{"allow":["GET"]}}],"collection":[{"href":"https:\/\/ugabiopharma.com\/de\/wp-json\/wp\/v2\/pages"}],"about":[{"href":"https:\/\/ugabiopharma.com\/de\/wp-json\/wp\/v2\/types\/page"}],"author":[{"embeddable":true,"href":"https:\/\/ugabiopharma.com\/de\/wp-json\/wp\/v2\/users\/6"}],"replies":[{"embeddable":true,"href":"https:\/\/ugabiopharma.com\/de\/wp-json\/wp\/v2\/comments?post=3309"}],"version-history":[{"count":4,"href":"https:\/\/ugabiopharma.com\/de\/wp-json\/wp\/v2\/pages\/3309\/revisions"}],"predecessor-version":[{"id":3582,"href":"https:\/\/ugabiopharma.com\/de\/wp-json\/wp\/v2\/pages\/3309\/revisions\/3582"}],"wp:attachment":[{"href":"https:\/\/ugabiopharma.com\/de\/wp-json\/wp\/v2\/media?parent=3309"}],"curies":[{"name":"wp","href":"https:\/\/api.w.org\/{rel}","templated":true}]}}