{"id":600,"date":"2023-05-11T11:03:26","date_gmt":"2023-05-11T09:03:26","guid":{"rendered":"https:\/\/ugabiopharma.de\/?page_id=600"},"modified":"2026-03-08T15:27:26","modified_gmt":"2026-03-08T14:27:26","slug":"ueber-uns","status":"publish","type":"page","link":"https:\/\/ugabiopharma.com\/de\/ueber-uns\/","title":{"rendered":"\u00dcber uns"},"content":{"rendered":"<p><div class=\"fusion-fullwidth fullwidth-box fusion-builder-row-1 fusion-flex-container has-pattern-background has-mask-background fusion-parallax-none gradient-container-1 nonhundred-percent-fullwidth non-hundred-percent-height-scrolling lazyload\" style=\"--awb-border-radius-top-left:0px;--awb-border-radius-top-right:0px;--awb-border-radius-bottom-right:0px;--awb-border-radius-bottom-left:0px;--awb-background-image:radial-gradient(circle at left bottom, rgba(0,127,146,0.7) 0%,rgba(79,186,173,0) 56%);;--awb-background-size:cover;--awb-flex-wrap:wrap;\" data-bg=\"https:\/\/ugabiopharma.com\/wp-content\/uploads\/2023\/11\/uga-biopharma-cell-line-development-cho-cells-biologics.jpg\" data-bg-gradient=\"radial-gradient(circle at left bottom, rgba(0,127,146,0.7) 0%,rgba(79,186,173,0) 56%)\" ><div class=\"fusion-builder-row fusion-row fusion-flex-align-items-flex-start fusion-flex-content-wrap\" style=\"max-width:1185.6px;margin-left: calc(-4% \/ 2 );margin-right: calc(-4% \/ 2 );\"><div class=\"fusion-layout-column fusion_builder_column fusion-builder-column-0 fusion-flex-column\" style=\"--awb-bg-size:cover;--awb-width-large:60%;--awb-margin-top-large:0px;--awb-spacing-right-large:3.2%;--awb-margin-bottom-large:20px;--awb-spacing-left-large:3.2%;--awb-width-medium:60%;--awb-order-medium:0;--awb-spacing-right-medium:3.2%;--awb-spacing-left-medium:3.2%;--awb-width-small:100%;--awb-order-small:0;--awb-spacing-right-small:1.92%;--awb-spacing-left-small:1.92%;\"><div class=\"fusion-column-wrapper fusion-column-has-shadow fusion-flex-justify-content-flex-start fusion-content-layout-column\"><div class=\"fusion-separator fusion-full-width-sep\" style=\"align-self: center;margin-left: auto;margin-right: auto;margin-top:320px;width:100%;\"><\/div><div class=\"fusion-text fusion-text-1 weiss schlagschatten\"><h1>\u00dcber uns<\/h1>\n<\/div><div class=\"fusion-separator fusion-full-width-sep\" style=\"align-self: center;margin-left: auto;margin-right: auto;margin-top:67px;width:100%;\"><\/div><\/div><\/div><\/div><\/div><div class=\"fusion-fullwidth fullwidth-box fusion-builder-row-2 fusion-flex-container has-pattern-background has-mask-background gradient-container-2 nonhundred-percent-fullwidth non-hundred-percent-height-scrolling\" style=\"--awb-border-radius-top-left:0px;--awb-border-radius-top-right:0px;--awb-border-radius-bottom-right:0px;--awb-border-radius-bottom-left:0px;--awb-flex-wrap:wrap;\" ><div class=\"fusion-builder-row fusion-row fusion-flex-align-items-flex-start fusion-flex-content-wrap\" style=\"max-width:1185.6px;margin-left: calc(-4% \/ 2 );margin-right: calc(-4% \/ 2 );\"><div class=\"fusion-layout-column fusion_builder_column fusion-builder-column-1 fusion_builder_column_1_1 1_1 fusion-flex-column\" style=\"--awb-bg-size:cover;--awb-width-large:100%;--awb-margin-top-large:0px;--awb-spacing-right-large:1.92%;--awb-margin-bottom-large:20px;--awb-spacing-left-large:1.92%;--awb-width-medium:100%;--awb-order-medium:0;--awb-spacing-right-medium:1.92%;--awb-spacing-left-medium:1.92%;--awb-width-small:100%;--awb-order-small:0;--awb-spacing-right-small:1.92%;--awb-spacing-left-small:1.92%;\"><div class=\"fusion-column-wrapper fusion-column-has-shadow fusion-flex-justify-content-flex-start fusion-content-layout-column\"><div class=\"fusion-separator fusion-full-width-sep\" style=\"align-self: center;margin-left: auto;margin-right: auto;margin-top:120px;width:100%;\"><\/div><div class=\"fusion-title title fusion-title-1 fusion-sep-none fusion-title-text fusion-title-size-two keinetrennung\" style=\"--awb-text-color:var(--awb-color4);--awb-margin-bottom:0px;\"><h2 class=\"fusion-title-heading title-heading-left fusion-responsive-typography-calculated\" style=\"margin:0;--fontSize:45.52;line-height:1.12;\">Die Zelllinien-Experten f\u00fcr Biologika und Biosimilars<\/h2><\/div><div class=\"fusion-separator trennerheadline\" style=\"align-self: flex-start;margin-right:auto;margin-top:15px;margin-bottom:88px;width:100%;max-width:68px;\"><\/div><\/div><\/div><\/div><\/div><div class=\"fusion-fullwidth fullwidth-box fusion-builder-row-3 fusion-flex-container has-pattern-background has-mask-background gradient-container-3 nonhundred-percent-fullwidth non-hundred-percent-height-scrolling\" style=\"--awb-border-radius-top-left:0px;--awb-border-radius-top-right:0px;--awb-border-radius-bottom-right:0px;--awb-border-radius-bottom-left:0px;--awb-flex-wrap:wrap;\" ><div class=\"fusion-builder-row fusion-row fusion-flex-align-items-center fusion-flex-content-wrap\" style=\"max-width:1185.6px;margin-left: calc(-4% \/ 2 );margin-right: calc(-4% \/ 2 );\"><div class=\"fusion-layout-column fusion_builder_column fusion-builder-column-2 fusion_builder_column_1_2 1_2 fusion-flex-column\" style=\"--awb-bg-size:cover;--awb-width-large:50%;--awb-margin-top-large:0px;--awb-spacing-right-large:3.84%;--awb-margin-bottom-large:20px;--awb-spacing-left-large:3.84%;--awb-width-medium:50%;--awb-order-medium:0;--awb-spacing-right-medium:3.84%;--awb-spacing-left-medium:3.84%;--awb-width-small:100%;--awb-order-small:0;--awb-spacing-right-small:1.92%;--awb-spacing-left-small:1.92%;\"><div class=\"fusion-column-wrapper fusion-column-has-shadow fusion-flex-justify-content-flex-start fusion-content-layout-column\"><div class=\"fusion-text fusion-text-2\"><p>UGA Biopharma wurde 2009 in Hennigsdorf bei Berlin gegr\u00fcndet. Mit seinem internationalen Expertenteam hat sich das Unternehmen auf die Entwicklung monoklonaler Zelllinien f\u00fcr die Herstellung von Biologika und Biosimilars spezialisiert.<\/p>\n<p>Dabei begleitet Sie die UGA Biopharma von der Zelllinienentwicklung \u00fcber die Bioprozessgestaltung bis hin zur Konzeption von Aufreinigungs- und Analyseverfahren. Wir richten uns ganz nach Ihren Anforderungen und entwickeln individuelle L\u00f6sungen von h\u00f6chster Qualit\u00e4t. Neben unseren gebrauchsfertigen (Ready-to-Use; R2U) Zelllinien f\u00fcr die Expression von Biosimilar-Kandidaten bietet Ihnen unsere ma\u00dfgeschneiderte CHO Prime<sup>\u00ae<\/sup>\u00a0Feed- &amp;\u00a0Medienplattform f\u00fcr Zellkulturen zahlreiche M\u00f6glichkeiten.<\/p>\n<p><strong>Unsere Kunden haben bereits mehrfach Produkte von UGA Biopharma in klinischen Studien verwendet und entsprechende Marktzulassungen erreicht.<\/strong><\/p>\n<p>Wenn Sie mehr \u00fcber die UGA Biopharma, unsere Development Services und Biosimilar-Produkte erfahren m\u00f6chten, nehmen Sie gern Kontakt mit uns auf.<\/p>\n<\/div><\/div><\/div><div class=\"fusion-layout-column fusion_builder_column fusion-builder-column-3 fusion_builder_column_1_2 1_2 fusion-flex-column\" style=\"--awb-bg-size:cover;--awb-width-large:50%;--awb-margin-top-large:0px;--awb-spacing-right-large:3.84%;--awb-margin-bottom-large:20px;--awb-spacing-left-large:3.84%;--awb-width-medium:50%;--awb-order-medium:0;--awb-spacing-right-medium:3.84%;--awb-spacing-left-medium:3.84%;--awb-width-small:100%;--awb-order-small:0;--awb-spacing-right-small:1.92%;--awb-spacing-left-small:1.92%;\"><div class=\"fusion-column-wrapper fusion-column-has-shadow fusion-flex-justify-content-flex-start fusion-content-layout-column\"><div style=\"position: relative; padding-top: 56.25%; border-radius: 15px; overflow: hidden;\">\n  <iframe\n    src=\"https:\/\/customer-bcm7a5s2u4l0dqgt.cloudflarestream.com\/6acb657e6213fcec549ef2f22007e18e\/iframe?poster=https%3A%2F%2Fugabiopharma.com%2Fwp-content%2Fuploads%2F2024%2F12%2F2-e1734880433302.jpg\"\n    loading=\"lazy\"\n    style=\"border: none; position: absolute; top: 0; left: 0; height: 100%; width: 100%;\"\n    allow=\"accelerometer; gyroscope; autoplay; encrypted-media;\"\n    allowfullscreen=\"true\"\n  ><\/iframe>\n<\/div><\/div><\/div><\/div><\/div><\/p>\n","protected":false},"excerpt":{"rendered":"","protected":false},"author":6,"featured_media":0,"parent":0,"menu_order":0,"comment_status":"closed","ping_status":"closed","template":"100-width.php","meta":{"footnotes":""},"class_list":["post-600","page","type-page","status-publish","hentry"],"yoast_head":"<!-- This site is optimized with the Yoast SEO plugin v23.6 - https:\/\/yoast.com\/wordpress\/plugins\/seo\/ -->\n<title>\u00dcber uns - UGA Biopharma<\/title>\n<meta name=\"description\" content=\"UGA Biopharma wurde 2009 in Hennigsdorf gegr\u00fcndet. Seitdem hat sich UGA Biopharma auf die Entwicklung hochwertiger Zelllinien f\u00fcr Biosimilars und Biologika spezialisiert.\" \/>\n<meta name=\"robots\" content=\"index, follow, max-snippet:-1, max-image-preview:large, max-video-preview:-1\" \/>\n<link rel=\"canonical\" href=\"https:\/\/ugabiopharma.com\/de\/ueber-uns\/\" \/>\n<meta property=\"og:locale\" content=\"de_DE\" \/>\n<meta property=\"og:type\" content=\"article\" \/>\n<meta property=\"og:title\" content=\"\u00dcber uns - UGA Biopharma\" \/>\n<meta property=\"og:description\" content=\"UGA Biopharma wurde 2009 in Hennigsdorf gegr\u00fcndet. Seitdem hat sich UGA Biopharma auf die Entwicklung hochwertiger Zelllinien f\u00fcr Biosimilars und Biologika spezialisiert.\" \/>\n<meta property=\"og:url\" content=\"https:\/\/ugabiopharma.com\/de\/ueber-uns\/\" \/>\n<meta property=\"og:site_name\" content=\"UGA Biopharma\" \/>\n<meta property=\"article:modified_time\" content=\"2026-03-08T14:27:26+00:00\" \/>\n<meta property=\"og:image\" content=\"https:\/\/ugabiopharma.com\/wp-content\/uploads\/2023\/05\/uga-biopharma-logo.png\" \/>\n\t<meta property=\"og:image:width\" content=\"224\" \/>\n\t<meta property=\"og:image:height\" content=\"130\" \/>\n\t<meta property=\"og:image:type\" content=\"image\/png\" \/>\n<meta name=\"twitter:card\" content=\"summary_large_image\" \/>\n<meta name=\"twitter:label1\" content=\"Gesch\u00e4tzte Lesezeit\" \/>\n\t<meta name=\"twitter:data1\" content=\"1\u00a0Minute\" \/>\n<script type=\"application\/ld+json\" class=\"yoast-schema-graph\">{\"@context\":\"https:\/\/schema.org\",\"@graph\":[{\"@type\":\"WebPage\",\"@id\":\"https:\/\/ugabiopharma.com\/de\/ueber-uns\/\",\"url\":\"https:\/\/ugabiopharma.com\/de\/ueber-uns\/\",\"name\":\"\u00dcber uns - UGA Biopharma\",\"isPartOf\":{\"@id\":\"https:\/\/ugabiopharma.com\/#website\"},\"datePublished\":\"2023-05-11T09:03:26+00:00\",\"dateModified\":\"2026-03-08T14:27:26+00:00\",\"description\":\"UGA Biopharma wurde 2009 in Hennigsdorf gegr\u00fcndet. Seitdem hat sich UGA Biopharma auf die Entwicklung hochwertiger Zelllinien f\u00fcr Biosimilars und Biologika spezialisiert.\",\"breadcrumb\":{\"@id\":\"https:\/\/ugabiopharma.com\/de\/ueber-uns\/#breadcrumb\"},\"inLanguage\":\"de\",\"potentialAction\":[{\"@type\":\"ReadAction\",\"target\":[\"https:\/\/ugabiopharma.com\/de\/ueber-uns\/\"]}]},{\"@type\":\"BreadcrumbList\",\"@id\":\"https:\/\/ugabiopharma.com\/de\/ueber-uns\/#breadcrumb\",\"itemListElement\":[{\"@type\":\"ListItem\",\"position\":1,\"name\":\"Home\",\"item\":\"https:\/\/ugabiopharma.com\/de\/\"},{\"@type\":\"ListItem\",\"position\":2,\"name\":\"\u00dcber uns\"}]},{\"@type\":\"WebSite\",\"@id\":\"https:\/\/ugabiopharma.com\/#website\",\"url\":\"https:\/\/ugabiopharma.com\/\",\"name\":\"UGA Biopharma\",\"description\":\"\",\"publisher\":{\"@id\":\"https:\/\/ugabiopharma.com\/#organization\"},\"potentialAction\":[{\"@type\":\"SearchAction\",\"target\":{\"@type\":\"EntryPoint\",\"urlTemplate\":\"https:\/\/ugabiopharma.com\/?s={search_term_string}\"},\"query-input\":{\"@type\":\"PropertyValueSpecification\",\"valueRequired\":true,\"valueName\":\"search_term_string\"}}],\"inLanguage\":\"de\"},{\"@type\":\"Organization\",\"@id\":\"https:\/\/ugabiopharma.com\/#organization\",\"name\":\"UGA Biopharma\",\"url\":\"https:\/\/ugabiopharma.com\/\",\"logo\":{\"@type\":\"ImageObject\",\"inLanguage\":\"de\",\"@id\":\"https:\/\/ugabiopharma.com\/#\/schema\/logo\/image\/\",\"url\":\"https:\/\/ugabiopharma.com\/wp-content\/uploads\/2023\/05\/uga-biopharma-logo.png\",\"contentUrl\":\"https:\/\/ugabiopharma.com\/wp-content\/uploads\/2023\/05\/uga-biopharma-logo.png\",\"width\":224,\"height\":130,\"caption\":\"UGA Biopharma\"},\"image\":{\"@id\":\"https:\/\/ugabiopharma.com\/#\/schema\/logo\/image\/\"}}]}<\/script>\n<!-- \/ Yoast SEO plugin. -->","yoast_head_json":{"title":"\u00dcber uns - UGA Biopharma","description":"UGA Biopharma wurde 2009 in Hennigsdorf gegr\u00fcndet. Seitdem hat sich UGA Biopharma auf die Entwicklung hochwertiger Zelllinien f\u00fcr Biosimilars und Biologika spezialisiert.","robots":{"index":"index","follow":"follow","max-snippet":"max-snippet:-1","max-image-preview":"max-image-preview:large","max-video-preview":"max-video-preview:-1"},"canonical":"https:\/\/ugabiopharma.com\/de\/ueber-uns\/","og_locale":"de_DE","og_type":"article","og_title":"\u00dcber uns - UGA Biopharma","og_description":"UGA Biopharma wurde 2009 in Hennigsdorf gegr\u00fcndet. Seitdem hat sich UGA Biopharma auf die Entwicklung hochwertiger Zelllinien f\u00fcr Biosimilars und Biologika spezialisiert.","og_url":"https:\/\/ugabiopharma.com\/de\/ueber-uns\/","og_site_name":"UGA Biopharma","article_modified_time":"2026-03-08T14:27:26+00:00","og_image":[{"width":224,"height":130,"url":"https:\/\/ugabiopharma.com\/wp-content\/uploads\/2023\/05\/uga-biopharma-logo.png","type":"image\/png"}],"twitter_card":"summary_large_image","twitter_misc":{"Gesch\u00e4tzte Lesezeit":"1\u00a0Minute"},"schema":{"@context":"https:\/\/schema.org","@graph":[{"@type":"WebPage","@id":"https:\/\/ugabiopharma.com\/de\/ueber-uns\/","url":"https:\/\/ugabiopharma.com\/de\/ueber-uns\/","name":"\u00dcber uns - UGA Biopharma","isPartOf":{"@id":"https:\/\/ugabiopharma.com\/#website"},"datePublished":"2023-05-11T09:03:26+00:00","dateModified":"2026-03-08T14:27:26+00:00","description":"UGA Biopharma wurde 2009 in Hennigsdorf gegr\u00fcndet. Seitdem hat sich UGA Biopharma auf die Entwicklung hochwertiger Zelllinien f\u00fcr Biosimilars und Biologika spezialisiert.","breadcrumb":{"@id":"https:\/\/ugabiopharma.com\/de\/ueber-uns\/#breadcrumb"},"inLanguage":"de","potentialAction":[{"@type":"ReadAction","target":["https:\/\/ugabiopharma.com\/de\/ueber-uns\/"]}]},{"@type":"BreadcrumbList","@id":"https:\/\/ugabiopharma.com\/de\/ueber-uns\/#breadcrumb","itemListElement":[{"@type":"ListItem","position":1,"name":"Home","item":"https:\/\/ugabiopharma.com\/de\/"},{"@type":"ListItem","position":2,"name":"\u00dcber uns"}]},{"@type":"WebSite","@id":"https:\/\/ugabiopharma.com\/#website","url":"https:\/\/ugabiopharma.com\/","name":"UGA Biopharma","description":"","publisher":{"@id":"https:\/\/ugabiopharma.com\/#organization"},"potentialAction":[{"@type":"SearchAction","target":{"@type":"EntryPoint","urlTemplate":"https:\/\/ugabiopharma.com\/?s={search_term_string}"},"query-input":{"@type":"PropertyValueSpecification","valueRequired":true,"valueName":"search_term_string"}}],"inLanguage":"de"},{"@type":"Organization","@id":"https:\/\/ugabiopharma.com\/#organization","name":"UGA Biopharma","url":"https:\/\/ugabiopharma.com\/","logo":{"@type":"ImageObject","inLanguage":"de","@id":"https:\/\/ugabiopharma.com\/#\/schema\/logo\/image\/","url":"https:\/\/ugabiopharma.com\/wp-content\/uploads\/2023\/05\/uga-biopharma-logo.png","contentUrl":"https:\/\/ugabiopharma.com\/wp-content\/uploads\/2023\/05\/uga-biopharma-logo.png","width":224,"height":130,"caption":"UGA Biopharma"},"image":{"@id":"https:\/\/ugabiopharma.com\/#\/schema\/logo\/image\/"}}]}},"_links":{"self":[{"href":"https:\/\/ugabiopharma.com\/de\/wp-json\/wp\/v2\/pages\/600","targetHints":{"allow":["GET"]}}],"collection":[{"href":"https:\/\/ugabiopharma.com\/de\/wp-json\/wp\/v2\/pages"}],"about":[{"href":"https:\/\/ugabiopharma.com\/de\/wp-json\/wp\/v2\/types\/page"}],"author":[{"embeddable":true,"href":"https:\/\/ugabiopharma.com\/de\/wp-json\/wp\/v2\/users\/6"}],"replies":[{"embeddable":true,"href":"https:\/\/ugabiopharma.com\/de\/wp-json\/wp\/v2\/comments?post=600"}],"version-history":[{"count":6,"href":"https:\/\/ugabiopharma.com\/de\/wp-json\/wp\/v2\/pages\/600\/revisions"}],"predecessor-version":[{"id":3638,"href":"https:\/\/ugabiopharma.com\/de\/wp-json\/wp\/v2\/pages\/600\/revisions\/3638"}],"wp:attachment":[{"href":"https:\/\/ugabiopharma.com\/de\/wp-json\/wp\/v2\/media?parent=600"}],"curies":[{"name":"wp","href":"https:\/\/api.w.org\/{rel}","templated":true}]}}