{"id":621,"date":"2023-05-11T11:01:48","date_gmt":"2023-05-11T09:01:48","guid":{"rendered":"https:\/\/ugabiopharma.de\/?page_id=621"},"modified":"2024-12-22T14:37:11","modified_gmt":"2024-12-22T13:37:11","slug":"analytical-development","status":"publish","type":"page","link":"https:\/\/ugabiopharma.com\/de\/analytical-development\/","title":{"rendered":"Analytical Development"},"content":{"rendered":"<p><div class=\"fusion-fullwidth fullwidth-box fusion-builder-row-1 fusion-flex-container video-background has-pattern-background has-mask-background full-width-video-centered gradient-container-1 nonhundred-percent-fullwidth non-hundred-percent-height-scrolling\" style=\"--awb-border-radius-top-left:0px;--awb-border-radius-top-right:0px;--awb-border-radius-bottom-right:0px;--awb-border-radius-bottom-left:0px;--awb-background-image:radial-gradient(circle at left bottom, rgba(0,127,146,0.7) 0%,rgba(79,186,173,0) 56%);--awb-flex-wrap:wrap;\" ><div class=\"fullwidth-video\"><video preload=\"auto\" autoplay playsinline loop muted><source src=\"https:\/\/ugabiopharma.com\/wp-content\/uploads\/2024\/12\/241217_Websitebanner_ANA_10s_3Mbs_24fps.mp4\" type=\"video\/mp4\"><\/video><\/div><div class=\"fullwidth-overlay\" style=\"background-image: radial-gradient(circle at left bottom, rgba(0,127,146,0.7) 0%,rgba(79,186,173,0) 56%);\"><\/div><div class=\"fusion-builder-row fusion-row fusion-flex-align-items-flex-start fusion-flex-content-wrap\" style=\"max-width:1185.6px;margin-left: calc(-4% \/ 2 );margin-right: calc(-4% \/ 2 );\"><div class=\"fusion-layout-column fusion_builder_column fusion-builder-column-0 fusion-flex-column\" style=\"--awb-bg-size:cover;--awb-width-large:80%;--awb-margin-top-large:0px;--awb-spacing-right-large:2.4%;--awb-margin-bottom-large:20px;--awb-spacing-left-large:2.4%;--awb-width-medium:80%;--awb-order-medium:0;--awb-spacing-right-medium:2.4%;--awb-spacing-left-medium:2.4%;--awb-width-small:100%;--awb-order-small:0;--awb-spacing-right-small:1.92%;--awb-spacing-left-small:1.92%;\"><div class=\"fusion-column-wrapper fusion-column-has-shadow fusion-flex-justify-content-flex-start fusion-content-layout-column\"><div class=\"fusion-separator fusion-full-width-sep\" style=\"align-self: center;margin-left: auto;margin-right: auto;margin-top:320px;width:100%;\"><\/div><div class=\"fusion-text fusion-text-1 weiss schlagschatten\"><h1><span lang=\"EN-US\">Analytical Development<\/span><\/h1>\n<\/div><div class=\"fusion-separator fusion-full-width-sep\" style=\"align-self: center;margin-left: auto;margin-right: auto;margin-top:67px;width:100%;\"><\/div><\/div><\/div><\/div><\/div><div class=\"fusion-fullwidth fullwidth-box fusion-builder-row-2 fusion-flex-container has-pattern-background has-mask-background gradient-container-2 nonhundred-percent-fullwidth non-hundred-percent-height-scrolling\" style=\"--awb-border-radius-top-left:0px;--awb-border-radius-top-right:0px;--awb-border-radius-bottom-right:0px;--awb-border-radius-bottom-left:0px;--awb-flex-wrap:wrap;\" ><div class=\"fusion-builder-row fusion-row fusion-flex-align-items-flex-start fusion-flex-content-wrap\" style=\"max-width:1185.6px;margin-left: calc(-4% \/ 2 );margin-right: calc(-4% \/ 2 );\"><div class=\"fusion-layout-column fusion_builder_column fusion-builder-column-1 fusion_builder_column_1_1 1_1 fusion-flex-column\" style=\"--awb-bg-size:cover;--awb-width-large:100%;--awb-margin-top-large:0px;--awb-spacing-right-large:1.92%;--awb-margin-bottom-large:20px;--awb-spacing-left-large:1.92%;--awb-width-medium:100%;--awb-order-medium:0;--awb-spacing-right-medium:1.92%;--awb-spacing-left-medium:1.92%;--awb-width-small:100%;--awb-order-small:0;--awb-spacing-right-small:1.92%;--awb-spacing-left-small:1.92%;\"><div class=\"fusion-column-wrapper fusion-column-has-shadow fusion-flex-justify-content-flex-start fusion-content-layout-column\"><div class=\"fusion-separator fusion-full-width-sep\" style=\"align-self: center;margin-left: auto;margin-right: auto;margin-top:120px;width:100%;\"><\/div><div class=\"fusion-title title fusion-title-1 fusion-sep-none fusion-title-text fusion-title-size-two keinetrennung\" style=\"--awb-text-color:var(--awb-color4);--awb-margin-bottom:0px;\"><h2 class=\"fusion-title-heading title-heading-left fusion-responsive-typography-calculated\" style=\"margin:0;--fontSize:45.52;line-height:1.12;\">Passgenaue Analysemethoden f\u00fcr jedes Projekt<\/h2><\/div><div class=\"fusion-separator trennerheadline\" style=\"align-self: flex-start;margin-right:auto;margin-top:15px;margin-bottom:88px;width:100%;max-width:68px;\"><\/div><div class=\"fusion-text fusion-text-2\"><p>UGA Biopharma entwickelt individuelle Analyseverfahren f\u00fcr die Gew\u00e4hrleistung von Qualit\u00e4t und Sicherheit bei der Herstellung von Biosimilars und Biologika. Dabei profitieren Sie von einem analytischen Methodenpaket, das unser Analytical-Development-Team genau nach Ihren W\u00fcnschen gestaltet. Wir garantieren die \u00dcberwachung der Critical Quality Attributes (CQA) auf allen Ebenen der Zelllinienentwicklung sowie im Upstream und Downstream Processing.<\/p>\n<\/div><\/div><\/div><\/div><\/div><div class=\"fusion-fullwidth fullwidth-box fusion-builder-row-3 fusion-flex-container has-pattern-background has-mask-background gradient-container-3 nonhundred-percent-fullwidth non-hundred-percent-height-scrolling\" style=\"--awb-border-radius-top-left:0px;--awb-border-radius-top-right:0px;--awb-border-radius-bottom-right:0px;--awb-border-radius-bottom-left:0px;--awb-flex-wrap:wrap;\" ><div class=\"fusion-builder-row fusion-row fusion-flex-align-items-flex-start fusion-flex-content-wrap\" style=\"max-width:1185.6px;margin-left: calc(-4% \/ 2 );margin-right: calc(-4% \/ 2 );\"><div class=\"fusion-layout-column fusion_builder_column fusion-builder-column-2 fusion_builder_column_1_2 1_2 fusion-flex-column\" style=\"--awb-overflow:hidden;--awb-bg-size:cover;--awb-border-radius:15px 15px 0px 0px;--awb-width-large:50%;--awb-margin-top-large:0px;--awb-spacing-right-large:3.84%;--awb-margin-bottom-large:20px;--awb-spacing-left-large:3.84%;--awb-width-medium:50%;--awb-order-medium:0;--awb-spacing-right-medium:3.84%;--awb-spacing-left-medium:3.84%;--awb-width-small:100%;--awb-order-small:0;--awb-spacing-right-small:1.92%;--awb-spacing-left-small:1.92%;\"><div class=\"fusion-column-wrapper fusion-column-has-shadow fusion-flex-justify-content-flex-start fusion-content-layout-column\"><div class=\"fusion-separator fusion-full-width-sep\" style=\"align-self: center;margin-left: auto;margin-right: auto;margin-top:40px;width:100%;\"><\/div><div class=\"fusion-lottie fusion-lottie-1\" data-id=\"1\"><div class=\"fusion-lottie-animation\" data-path=\"https:\/\/ugabiopharma.com\/wp-content\/uploads\/2023\/11\/uga-biopharma-charge-variant-analysis.json\" data-loop=\"0\" data-reverse=\"0\" data-speed=\"1\" data-trigger=\"viewport\" data-start_point=\"0\" data-end_point=\"100\" data-animationoffset=\"top-into-view\"><lottie-player speed=\"1\"><\/lottie-player><\/div><\/div><div class=\"fusion-text fusion-text-3\"><h6><span class=\"cf01\">Hochleistungsfl\u00fcssigchromatographie (HPLC) <\/span>wird z.B. zur Charge Variant Analyse<sup>*<\/sup> eingesetzt<\/h6>\n<\/div><\/div><\/div><div class=\"fusion-layout-column fusion_builder_column fusion-builder-column-3 fusion_builder_column_1_2 1_2 fusion-flex-column\" style=\"--awb-overflow:hidden;--awb-bg-size:cover;--awb-border-radius:15px 15px 0px 0px;--awb-width-large:50%;--awb-margin-top-large:0px;--awb-spacing-right-large:3.84%;--awb-margin-bottom-large:20px;--awb-spacing-left-large:3.84%;--awb-width-medium:50%;--awb-order-medium:0;--awb-spacing-right-medium:3.84%;--awb-spacing-left-medium:3.84%;--awb-width-small:100%;--awb-order-small:0;--awb-spacing-right-small:1.92%;--awb-spacing-left-small:1.92%;\"><div class=\"fusion-column-wrapper fusion-column-has-shadow fusion-flex-justify-content-flex-start fusion-content-layout-column\"><div class=\"fusion-separator fusion-full-width-sep\" style=\"align-self: center;margin-left: auto;margin-right: auto;margin-top:40px;width:100%;\"><\/div><div class=\"fusion-lottie fusion-lottie-2\" data-id=\"2\"><div class=\"fusion-lottie-animation\" data-path=\"https:\/\/ugabiopharma.com\/wp-content\/uploads\/2023\/11\/uga-biopharma-n-glycan-analysis.json\" data-loop=\"0\" data-reverse=\"0\" data-speed=\"1\" data-trigger=\"viewport\" data-start_point=\"0\" data-end_point=\"100\" data-animationoffset=\"top-into-view\"><lottie-player speed=\"1\"><\/lottie-player><\/div><\/div><div class=\"fusion-text fusion-text-4\"><h6>N-Glykananalyse via HILIC-HPLC<sup>*<\/sup><\/h6>\n<\/div><\/div><\/div><\/div><\/div><div class=\"fusion-fullwidth fullwidth-box fusion-builder-row-4 fusion-flex-container has-pattern-background has-mask-background gradient-container-4 nonhundred-percent-fullwidth non-hundred-percent-height-scrolling\" style=\"--awb-border-radius-top-left:0px;--awb-border-radius-top-right:0px;--awb-border-radius-bottom-right:0px;--awb-border-radius-bottom-left:0px;--awb-flex-wrap:wrap;\" ><div class=\"fusion-builder-row fusion-row fusion-flex-align-items-flex-start fusion-flex-content-wrap\" style=\"max-width:1185.6px;margin-left: calc(-4% \/ 2 );margin-right: calc(-4% \/ 2 );\"><div class=\"fusion-layout-column fusion_builder_column fusion-builder-column-4 fusion_builder_column_1_1 1_1 fusion-flex-column\" style=\"--awb-bg-size:cover;--awb-width-large:100%;--awb-margin-top-large:0px;--awb-spacing-right-large:1.92%;--awb-margin-bottom-large:20px;--awb-spacing-left-large:1.92%;--awb-width-medium:100%;--awb-order-medium:0;--awb-spacing-right-medium:1.92%;--awb-spacing-left-medium:1.92%;--awb-width-small:100%;--awb-order-small:0;--awb-spacing-right-small:1.92%;--awb-spacing-left-small:1.92%;\"><div class=\"fusion-column-wrapper fusion-column-has-shadow fusion-flex-justify-content-flex-start fusion-content-layout-column\"><div class=\"fusion-text fusion-text-5\"><p style=\"font-weight: 400;\">Unsere analytische Entwicklungsarbeit dient der Erfassung quantitativer Parameter, wie Wachstum, Titer und metabolische Daten des Bioprozesses, sowie der qualitativen Charakterisierung von Biologika-Produkten mittels u.\u00a0a.:<\/p>\n<ul>\n<li>Ionenaustauschchromatographie (Charge-Variant-Analysen)<\/li>\n<li>HILIC-Chromatographie (N-Glykosylierungsprofil)<\/li>\n<li>Hydrophobe Interaktionschromatographie (HIC)<\/li>\n<li>Size Exclusion Chromatographie (SEC)<\/li>\n<li>Peptide-Mapping<\/li>\n<li>SDS-PAGE<\/li>\n<li>Western Blot<\/li>\n<li>ELISA<\/li>\n<li><em>In vitro<\/em> Aktivit\u00e4tstest<\/li>\n<li>Fl\u00fcssigchromatographie mit Massenspektrometrie (LC-MS)<\/li>\n<\/ul>\n<\/div><div class=\"fusion-separator fusion-full-width-sep\" style=\"align-self: center;margin-left: auto;margin-right: auto;margin-top:25px;width:100%;\"><\/div><div class=\"fusion-text fusion-text-6\"><p style=\"font-weight: 400;\">F\u00fcr weitere Analysemethoden, wie etwa Bindungsstudien sowie Aktivit\u00e4ts- und Potency-Assays, arbeiten wir mit kompetenten Partnern zusammen.<\/p>\n<p style=\"font-weight: 400;\">Unser Analytical-Development-Team ber\u00e4t Sie gern!<\/p>\n<\/div><\/div><\/div><\/div><\/div><div id=\"referenzen\" class=\"fusion-container-anchor\"><div class=\"fusion-fullwidth fullwidth-box fusion-builder-row-5 fusion-flex-container has-pattern-background has-mask-background gradient-container-5 nonhundred-percent-fullwidth non-hundred-percent-height-scrolling\" style=\"--awb-border-radius-top-left:0px;--awb-border-radius-top-right:0px;--awb-border-radius-bottom-right:0px;--awb-border-radius-bottom-left:0px;--awb-margin-bottom:0px;--awb-background-color:#e2e2e2;--awb-flex-wrap:wrap;\" ><div class=\"fusion-builder-row fusion-row fusion-flex-align-items-flex-start fusion-flex-justify-content-center fusion-flex-content-wrap\" style=\"max-width:1185.6px;margin-left: calc(-4% \/ 2 );margin-right: calc(-4% \/ 2 );\"><div class=\"fusion-layout-column fusion_builder_column fusion-builder-column-5 fusion_builder_column_1_1 1_1 fusion-flex-column\" style=\"--awb-bg-size:cover;--awb-width-large:100%;--awb-margin-top-large:0px;--awb-spacing-right-large:1.92%;--awb-margin-bottom-large:20px;--awb-spacing-left-large:1.92%;--awb-width-medium:100%;--awb-order-medium:0;--awb-spacing-right-medium:1.92%;--awb-spacing-left-medium:1.92%;--awb-width-small:100%;--awb-order-small:0;--awb-spacing-right-small:1.92%;--awb-spacing-left-small:1.92%;\"><div class=\"fusion-column-wrapper fusion-column-has-shadow fusion-flex-justify-content-flex-start fusion-content-layout-column\"><div class=\"fusion-separator fusion-full-width-sep\" style=\"align-self: center;margin-left: auto;margin-right: auto;margin-top:50px;width:100%;\"><\/div><div class=\"fusion-text fusion-text-7\"><h6>* Exemplarische Darstellung<\/h6>\n<\/div><\/div><\/div><\/div><\/div><\/div><\/p>\n","protected":false},"excerpt":{"rendered":"","protected":false},"author":6,"featured_media":0,"parent":0,"menu_order":0,"comment_status":"closed","ping_status":"closed","template":"100-width.php","meta":{"footnotes":""},"class_list":["post-621","page","type-page","status-publish","hentry"],"yoast_head":"<!-- This site is optimized with the Yoast SEO plugin v23.6 - https:\/\/yoast.com\/wordpress\/plugins\/seo\/ -->\n<title>Analytical Development - UGA Biopharma<\/title>\n<meta name=\"description\" content=\"UGA Biopharma entwickelt individuelle Analyseverfahren f\u00fcr die Gew\u00e4hrleistung von Qualit\u00e4t und Sicherheit bei der Herstellung von Biosimilars und Biologika.\" \/>\n<meta name=\"robots\" content=\"index, follow, max-snippet:-1, max-image-preview:large, max-video-preview:-1\" \/>\n<link rel=\"canonical\" href=\"https:\/\/ugabiopharma.com\/de\/analytical-development\/\" \/>\n<meta property=\"og:locale\" content=\"de_DE\" \/>\n<meta property=\"og:type\" content=\"article\" \/>\n<meta property=\"og:title\" content=\"Analytical Development - UGA Biopharma\" \/>\n<meta property=\"og:description\" content=\"UGA Biopharma entwickelt individuelle Analyseverfahren f\u00fcr die Gew\u00e4hrleistung von Qualit\u00e4t und Sicherheit bei der Herstellung von Biosimilars und Biologika.\" \/>\n<meta property=\"og:url\" content=\"https:\/\/ugabiopharma.com\/de\/analytical-development\/\" \/>\n<meta property=\"og:site_name\" content=\"UGA Biopharma\" \/>\n<meta property=\"article:modified_time\" content=\"2024-12-22T13:37:11+00:00\" \/>\n<meta property=\"og:image\" content=\"https:\/\/ugabiopharma.com\/wp-content\/uploads\/2023\/05\/uga-biopharma-logo.png\" \/>\n\t<meta property=\"og:image:width\" content=\"224\" \/>\n\t<meta property=\"og:image:height\" content=\"130\" \/>\n\t<meta property=\"og:image:type\" content=\"image\/png\" \/>\n<meta name=\"twitter:card\" content=\"summary_large_image\" \/>\n<meta name=\"twitter:label1\" content=\"Gesch\u00e4tzte Lesezeit\" \/>\n\t<meta name=\"twitter:data1\" content=\"1\u00a0Minute\" \/>\n<script type=\"application\/ld+json\" class=\"yoast-schema-graph\">{\"@context\":\"https:\/\/schema.org\",\"@graph\":[{\"@type\":\"WebPage\",\"@id\":\"https:\/\/ugabiopharma.com\/de\/analytical-development\/\",\"url\":\"https:\/\/ugabiopharma.com\/de\/analytical-development\/\",\"name\":\"Analytical Development - UGA Biopharma\",\"isPartOf\":{\"@id\":\"https:\/\/ugabiopharma.com\/#website\"},\"datePublished\":\"2023-05-11T09:01:48+00:00\",\"dateModified\":\"2024-12-22T13:37:11+00:00\",\"description\":\"UGA Biopharma entwickelt individuelle Analyseverfahren f\u00fcr die Gew\u00e4hrleistung von Qualit\u00e4t und Sicherheit bei der Herstellung von Biosimilars und Biologika.\",\"breadcrumb\":{\"@id\":\"https:\/\/ugabiopharma.com\/de\/analytical-development\/#breadcrumb\"},\"inLanguage\":\"de\",\"potentialAction\":[{\"@type\":\"ReadAction\",\"target\":[\"https:\/\/ugabiopharma.com\/de\/analytical-development\/\"]}]},{\"@type\":\"BreadcrumbList\",\"@id\":\"https:\/\/ugabiopharma.com\/de\/analytical-development\/#breadcrumb\",\"itemListElement\":[{\"@type\":\"ListItem\",\"position\":1,\"name\":\"Home\",\"item\":\"https:\/\/ugabiopharma.com\/de\/\"},{\"@type\":\"ListItem\",\"position\":2,\"name\":\"Analytical Development\"}]},{\"@type\":\"WebSite\",\"@id\":\"https:\/\/ugabiopharma.com\/#website\",\"url\":\"https:\/\/ugabiopharma.com\/\",\"name\":\"UGA Biopharma\",\"description\":\"\",\"publisher\":{\"@id\":\"https:\/\/ugabiopharma.com\/#organization\"},\"potentialAction\":[{\"@type\":\"SearchAction\",\"target\":{\"@type\":\"EntryPoint\",\"urlTemplate\":\"https:\/\/ugabiopharma.com\/?s={search_term_string}\"},\"query-input\":{\"@type\":\"PropertyValueSpecification\",\"valueRequired\":true,\"valueName\":\"search_term_string\"}}],\"inLanguage\":\"de\"},{\"@type\":\"Organization\",\"@id\":\"https:\/\/ugabiopharma.com\/#organization\",\"name\":\"UGA Biopharma\",\"url\":\"https:\/\/ugabiopharma.com\/\",\"logo\":{\"@type\":\"ImageObject\",\"inLanguage\":\"de\",\"@id\":\"https:\/\/ugabiopharma.com\/#\/schema\/logo\/image\/\",\"url\":\"https:\/\/ugabiopharma.com\/wp-content\/uploads\/2023\/05\/uga-biopharma-logo.png\",\"contentUrl\":\"https:\/\/ugabiopharma.com\/wp-content\/uploads\/2023\/05\/uga-biopharma-logo.png\",\"width\":224,\"height\":130,\"caption\":\"UGA Biopharma\"},\"image\":{\"@id\":\"https:\/\/ugabiopharma.com\/#\/schema\/logo\/image\/\"}}]}<\/script>\n<!-- \/ Yoast SEO plugin. -->","yoast_head_json":{"title":"Analytical Development - UGA Biopharma","description":"UGA Biopharma entwickelt individuelle Analyseverfahren f\u00fcr die Gew\u00e4hrleistung von Qualit\u00e4t und Sicherheit bei der Herstellung von Biosimilars und Biologika.","robots":{"index":"index","follow":"follow","max-snippet":"max-snippet:-1","max-image-preview":"max-image-preview:large","max-video-preview":"max-video-preview:-1"},"canonical":"https:\/\/ugabiopharma.com\/de\/analytical-development\/","og_locale":"de_DE","og_type":"article","og_title":"Analytical Development - UGA Biopharma","og_description":"UGA Biopharma entwickelt individuelle Analyseverfahren f\u00fcr die Gew\u00e4hrleistung von Qualit\u00e4t und Sicherheit bei der Herstellung von Biosimilars und Biologika.","og_url":"https:\/\/ugabiopharma.com\/de\/analytical-development\/","og_site_name":"UGA Biopharma","article_modified_time":"2024-12-22T13:37:11+00:00","og_image":[{"width":224,"height":130,"url":"https:\/\/ugabiopharma.com\/wp-content\/uploads\/2023\/05\/uga-biopharma-logo.png","type":"image\/png"}],"twitter_card":"summary_large_image","twitter_misc":{"Gesch\u00e4tzte Lesezeit":"1\u00a0Minute"},"schema":{"@context":"https:\/\/schema.org","@graph":[{"@type":"WebPage","@id":"https:\/\/ugabiopharma.com\/de\/analytical-development\/","url":"https:\/\/ugabiopharma.com\/de\/analytical-development\/","name":"Analytical Development - UGA Biopharma","isPartOf":{"@id":"https:\/\/ugabiopharma.com\/#website"},"datePublished":"2023-05-11T09:01:48+00:00","dateModified":"2024-12-22T13:37:11+00:00","description":"UGA Biopharma entwickelt individuelle Analyseverfahren f\u00fcr die Gew\u00e4hrleistung von Qualit\u00e4t und Sicherheit bei der Herstellung von Biosimilars und Biologika.","breadcrumb":{"@id":"https:\/\/ugabiopharma.com\/de\/analytical-development\/#breadcrumb"},"inLanguage":"de","potentialAction":[{"@type":"ReadAction","target":["https:\/\/ugabiopharma.com\/de\/analytical-development\/"]}]},{"@type":"BreadcrumbList","@id":"https:\/\/ugabiopharma.com\/de\/analytical-development\/#breadcrumb","itemListElement":[{"@type":"ListItem","position":1,"name":"Home","item":"https:\/\/ugabiopharma.com\/de\/"},{"@type":"ListItem","position":2,"name":"Analytical Development"}]},{"@type":"WebSite","@id":"https:\/\/ugabiopharma.com\/#website","url":"https:\/\/ugabiopharma.com\/","name":"UGA Biopharma","description":"","publisher":{"@id":"https:\/\/ugabiopharma.com\/#organization"},"potentialAction":[{"@type":"SearchAction","target":{"@type":"EntryPoint","urlTemplate":"https:\/\/ugabiopharma.com\/?s={search_term_string}"},"query-input":{"@type":"PropertyValueSpecification","valueRequired":true,"valueName":"search_term_string"}}],"inLanguage":"de"},{"@type":"Organization","@id":"https:\/\/ugabiopharma.com\/#organization","name":"UGA Biopharma","url":"https:\/\/ugabiopharma.com\/","logo":{"@type":"ImageObject","inLanguage":"de","@id":"https:\/\/ugabiopharma.com\/#\/schema\/logo\/image\/","url":"https:\/\/ugabiopharma.com\/wp-content\/uploads\/2023\/05\/uga-biopharma-logo.png","contentUrl":"https:\/\/ugabiopharma.com\/wp-content\/uploads\/2023\/05\/uga-biopharma-logo.png","width":224,"height":130,"caption":"UGA Biopharma"},"image":{"@id":"https:\/\/ugabiopharma.com\/#\/schema\/logo\/image\/"}}]}},"_links":{"self":[{"href":"https:\/\/ugabiopharma.com\/de\/wp-json\/wp\/v2\/pages\/621","targetHints":{"allow":["GET"]}}],"collection":[{"href":"https:\/\/ugabiopharma.com\/de\/wp-json\/wp\/v2\/pages"}],"about":[{"href":"https:\/\/ugabiopharma.com\/de\/wp-json\/wp\/v2\/types\/page"}],"author":[{"embeddable":true,"href":"https:\/\/ugabiopharma.com\/de\/wp-json\/wp\/v2\/users\/6"}],"replies":[{"embeddable":true,"href":"https:\/\/ugabiopharma.com\/de\/wp-json\/wp\/v2\/comments?post=621"}],"version-history":[{"count":4,"href":"https:\/\/ugabiopharma.com\/de\/wp-json\/wp\/v2\/pages\/621\/revisions"}],"predecessor-version":[{"id":2823,"href":"https:\/\/ugabiopharma.com\/de\/wp-json\/wp\/v2\/pages\/621\/revisions\/2823"}],"wp:attachment":[{"href":"https:\/\/ugabiopharma.com\/de\/wp-json\/wp\/v2\/media?parent=621"}],"curies":[{"name":"wp","href":"https:\/\/api.w.org\/{rel}","templated":true}]}}