{"id":626,"date":"2023-05-11T11:02:16","date_gmt":"2023-05-11T09:02:16","guid":{"rendered":"https:\/\/ugabiopharma.de\/?page_id=626"},"modified":"2025-08-12T15:18:26","modified_gmt":"2025-08-12T13:18:26","slug":"ready-to-use-zelllinien","status":"publish","type":"page","link":"https:\/\/ugabiopharma.com\/de\/ready-to-use-zelllinien\/","title":{"rendered":"Ready-to-Use Zelllinien"},"content":{"rendered":"<p><div class=\"fusion-fullwidth fullwidth-box fusion-builder-row-1 fusion-flex-container has-pattern-background has-mask-background fusion-parallax-none gradient-container-1 nonhundred-percent-fullwidth non-hundred-percent-height-scrolling lazyload\" style=\"--awb-border-radius-top-left:0px;--awb-border-radius-top-right:0px;--awb-border-radius-bottom-right:0px;--awb-border-radius-bottom-left:0px;--awb-background-image:radial-gradient(circle at left bottom, rgba(0,127,146,0.7) 0%,rgba(79,186,173,0) 56%);;--awb-background-size:cover;--awb-flex-wrap:wrap;\" data-bg=\"https:\/\/ugabiopharma.com\/wp-content\/uploads\/2023\/11\/uga-biopharma-r2u-cell-bank.jpg\" data-bg-gradient=\"radial-gradient(circle at left bottom, rgba(0,127,146,0.7) 0%,rgba(79,186,173,0) 56%)\" ><div class=\"fusion-builder-row fusion-row fusion-flex-align-items-flex-start fusion-flex-content-wrap\" style=\"max-width:1185.6px;margin-left: calc(-4% \/ 2 );margin-right: calc(-4% \/ 2 );\"><div class=\"fusion-layout-column fusion_builder_column fusion-builder-column-0 fusion-flex-column\" style=\"--awb-bg-size:cover;--awb-width-large:50%;--awb-margin-top-large:0px;--awb-spacing-right-large:3.84%;--awb-margin-bottom-large:20px;--awb-spacing-left-large:3.84%;--awb-width-medium:50%;--awb-order-medium:0;--awb-spacing-right-medium:3.84%;--awb-spacing-left-medium:3.84%;--awb-width-small:100%;--awb-order-small:0;--awb-spacing-right-small:1.92%;--awb-spacing-left-small:1.92%;\"><div class=\"fusion-column-wrapper fusion-column-has-shadow fusion-flex-justify-content-flex-start fusion-content-layout-column\"><div class=\"fusion-separator fusion-full-width-sep\" style=\"align-self: center;margin-left: auto;margin-right: auto;margin-top:320px;width:100%;\"><\/div><div class=\"fusion-text fusion-text-1 weiss schlagschatten keinetrennung\"><h1 style=\"text-align: left;\">Ready-to-Use Zelllinien<\/h1>\n<\/div><div class=\"fusion-separator fusion-full-width-sep\" style=\"align-self: center;margin-left: auto;margin-right: auto;margin-top:67px;width:100%;\"><\/div><\/div><\/div><\/div><\/div><div class=\"fusion-fullwidth fullwidth-box fusion-builder-row-2 fusion-flex-container has-pattern-background has-mask-background gradient-container-2 nonhundred-percent-fullwidth non-hundred-percent-height-scrolling\" style=\"--awb-border-radius-top-left:0px;--awb-border-radius-top-right:0px;--awb-border-radius-bottom-right:0px;--awb-border-radius-bottom-left:0px;--awb-flex-wrap:wrap;\" ><div class=\"fusion-builder-row fusion-row fusion-flex-align-items-flex-start fusion-flex-content-wrap\" style=\"max-width:1185.6px;margin-left: calc(-4% \/ 2 );margin-right: calc(-4% \/ 2 );\"><div class=\"fusion-layout-column fusion_builder_column fusion-builder-column-1 fusion_builder_column_1_1 1_1 fusion-flex-column\" style=\"--awb-bg-size:cover;--awb-width-large:100%;--awb-margin-top-large:0px;--awb-spacing-right-large:1.92%;--awb-margin-bottom-large:20px;--awb-spacing-left-large:1.92%;--awb-width-medium:100%;--awb-order-medium:0;--awb-spacing-right-medium:1.92%;--awb-spacing-left-medium:1.92%;--awb-width-small:100%;--awb-order-small:0;--awb-spacing-right-small:1.92%;--awb-spacing-left-small:1.92%;\"><div class=\"fusion-column-wrapper fusion-column-has-shadow fusion-flex-justify-content-flex-start fusion-content-layout-column\"><div class=\"fusion-separator fusion-full-width-sep\" style=\"align-self: center;margin-left: auto;margin-right: auto;margin-top:120px;width:100%;\"><\/div><div class=\"fusion-title title fusion-title-1 fusion-sep-none fusion-title-text fusion-title-size-two\" style=\"--awb-text-color:var(--awb-color4);--awb-margin-bottom:0px;\"><h2 class=\"fusion-title-heading title-heading-left fusion-responsive-typography-calculated\" style=\"margin:0;--fontSize:45.52;line-height:1.12;\">Der schnellste Weg zum Biosimilar<\/h2><\/div><div class=\"fusion-separator trennerheadline\" style=\"align-self: flex-start;margin-right:auto;margin-top:15px;margin-bottom:88px;width:100%;max-width:68px;\"><\/div><div class=\"fusion-text fusion-text-2\"><p style=\"font-weight: 400;\">Mit unseren hochwertigen Ready-to-Use (R2U) CHO-Zelllinien erm\u00f6glichen wir Ihnen einen besonders effizienten und schnellen Weg zum eigenen Biosimilar. Dank unserer langj\u00e4hrigen Expertise konnten wir in unserem Labor in Hennigsdorf besonders hochwertige Zelllinien nach modernsten Qualit\u00e4tsstandards entwickeln.<\/p>\n<p><span style=\"font-weight: 400;\">Selbstverst\u00e4ndlich erhalten Sie auch die erforderliche Dokumentation zur Entwicklung der Zelllinie sowie zu den verwendeten Kontaktmaterialien und Reagenzien. Dar\u00fcber hinaus belegen wir die Qualit\u00e4t unserer Zelllinien durch entsprechende Zertifikate, z.B. zur Sterilit\u00e4t oder Mykoplasmenfreiheit.<\/span><\/p>\n<\/div><\/div><\/div><\/div><\/div><div class=\"fusion-fullwidth fullwidth-box fusion-builder-row-3 fusion-flex-container has-pattern-background has-mask-background gradient-container-3 nonhundred-percent-fullwidth non-hundred-percent-height-scrolling\" style=\"--awb-border-radius-top-left:0px;--awb-border-radius-top-right:0px;--awb-border-radius-bottom-right:0px;--awb-border-radius-bottom-left:0px;--awb-flex-wrap:wrap;\" ><div class=\"fusion-builder-row fusion-row fusion-flex-align-items-flex-start fusion-flex-content-wrap\" style=\"max-width:1185.6px;margin-left: calc(-4% \/ 2 );margin-right: calc(-4% \/ 2 );\"><div class=\"fusion-layout-column fusion_builder_column fusion-builder-column-2 fusion_builder_column_1_2 1_2 fusion-flex-column\" style=\"--awb-overflow:hidden;--awb-bg-size:cover;--awb-border-radius:15px 15px 0px 0px;--awb-width-large:50%;--awb-margin-top-large:0px;--awb-spacing-right-large:3.84%;--awb-margin-bottom-large:20px;--awb-spacing-left-large:3.84%;--awb-width-medium:50%;--awb-order-medium:0;--awb-spacing-right-medium:3.84%;--awb-spacing-left-medium:3.84%;--awb-width-small:100%;--awb-order-small:0;--awb-spacing-right-small:1.92%;--awb-spacing-left-small:1.92%;\"><div class=\"fusion-column-wrapper fusion-column-has-shadow fusion-flex-justify-content-flex-start fusion-content-layout-column\"><div class=\"fusion-separator fusion-full-width-sep\" style=\"align-self: center;margin-left: auto;margin-right: auto;margin-top:40px;width:100%;\"><\/div><div class=\"fusion-lottie fusion-lottie-1\" data-id=\"1\"><div class=\"fusion-lottie-animation\" data-path=\"https:\/\/ugabiopharma.com\/wp-content\/uploads\/2023\/11\/uga-biopharma-charge-variant-analysis.json\" data-loop=\"0\" data-reverse=\"0\" data-speed=\"1\" data-trigger=\"viewport\" data-start_point=\"0\" data-end_point=\"100\" data-animationoffset=\"top-into-view\"><lottie-player speed=\"1\"><\/lottie-player><\/div><\/div><div class=\"fusion-text fusion-text-3\"><h6>Charge Variant Profile<sup>*<\/sup><\/h6>\n<\/div><\/div><\/div><div class=\"fusion-layout-column fusion_builder_column fusion-builder-column-3 fusion_builder_column_1_2 1_2 fusion-flex-column\" style=\"--awb-overflow:hidden;--awb-bg-size:cover;--awb-border-radius:15px 15px 0px 0px;--awb-width-large:50%;--awb-margin-top-large:0px;--awb-spacing-right-large:3.84%;--awb-margin-bottom-large:20px;--awb-spacing-left-large:3.84%;--awb-width-medium:50%;--awb-order-medium:0;--awb-spacing-right-medium:3.84%;--awb-spacing-left-medium:3.84%;--awb-width-small:100%;--awb-order-small:0;--awb-spacing-right-small:1.92%;--awb-spacing-left-small:1.92%;\"><div class=\"fusion-column-wrapper fusion-column-has-shadow fusion-flex-justify-content-flex-start fusion-content-layout-column\"><div class=\"fusion-separator fusion-full-width-sep\" style=\"align-self: center;margin-left: auto;margin-right: auto;margin-top:40px;width:100%;\"><\/div><div class=\"fusion-lottie fusion-lottie-2\" data-id=\"2\"><div class=\"fusion-lottie-animation\" data-path=\"https:\/\/ugabiopharma.com\/wp-content\/uploads\/2023\/11\/uga-biopharma-n-glycan-analysis.json\" data-loop=\"0\" data-reverse=\"0\" data-speed=\"1\" data-trigger=\"viewport\" data-start_point=\"0\" data-end_point=\"100\" data-animationoffset=\"top-into-view\"><lottie-player speed=\"1\"><\/lottie-player><\/div><\/div><div class=\"fusion-text fusion-text-4\"><h6>N-Glycan Profile<sup>*<\/sup><\/h6>\n<\/div><\/div><\/div><\/div><\/div><div class=\"fusion-fullwidth fullwidth-box fusion-builder-row-4 fusion-flex-container has-pattern-background has-mask-background gradient-container-4 nonhundred-percent-fullwidth non-hundred-percent-height-scrolling\" style=\"--awb-border-radius-top-left:0px;--awb-border-radius-top-right:0px;--awb-border-radius-bottom-right:0px;--awb-border-radius-bottom-left:0px;--awb-flex-wrap:wrap;\" ><div class=\"fusion-builder-row fusion-row fusion-flex-align-items-flex-start fusion-flex-content-wrap\" style=\"max-width:1185.6px;margin-left: calc(-4% \/ 2 );margin-right: calc(-4% \/ 2 );\"><div class=\"fusion-layout-column fusion_builder_column fusion-builder-column-4 fusion_builder_column_1_1 1_1 fusion-flex-column\" style=\"--awb-bg-size:cover;--awb-width-large:100%;--awb-margin-top-large:0px;--awb-spacing-right-large:1.92%;--awb-margin-bottom-large:20px;--awb-spacing-left-large:1.92%;--awb-width-medium:100%;--awb-order-medium:0;--awb-spacing-right-medium:1.92%;--awb-spacing-left-medium:1.92%;--awb-width-small:100%;--awb-order-small:0;--awb-spacing-right-small:1.92%;--awb-spacing-left-small:1.92%;\"><div class=\"fusion-column-wrapper fusion-column-has-shadow fusion-flex-justify-content-flex-start fusion-content-layout-column\"><div class=\"fusion-text fusion-text-5\"><p style=\"font-weight: 400;\">Zur l\u00fcckenlosen Dokumentation der Leistungsf\u00e4higkeit unserer Ready-to-Use-Zelllinien liefern wir Ihnen s\u00e4mtliche Informationen zu Titer und Qualit\u00e4t des Produkts und geben Ihnen bei Bedarf Einblick in Referenzmaterial aus Vergleichsstudien zwischen Originalmolek\u00fcl und Biosimilar.<\/p>\n<p style=\"font-weight: 400;\">Sie interessieren sich f\u00fcr unsere Ready-to-Use-Zelllinien? Wir freuen uns auf Ihre Anfrage.<\/p>\n<\/div><\/div><\/div><div class=\"fusion-layout-column fusion_builder_column fusion-builder-column-5 fusion_builder_column_2_3 2_3 fusion-flex-column\" style=\"--awb-overflow:hidden;--awb-bg-size:cover;--awb-border-radius:15px 15px 0px 0px;--awb-width-large:66.666666666667%;--awb-margin-top-large:0px;--awb-spacing-right-large:2.88%;--awb-margin-bottom-large:20px;--awb-spacing-left-large:2.88%;--awb-width-medium:66.666666666667%;--awb-order-medium:0;--awb-spacing-right-medium:2.88%;--awb-spacing-left-medium:2.88%;--awb-width-small:100%;--awb-order-small:0;--awb-spacing-right-small:1.92%;--awb-spacing-left-small:1.92%;\"><div class=\"fusion-column-wrapper fusion-column-has-shadow fusion-flex-justify-content-flex-start fusion-content-layout-column\">\n<div class=\"table-2\">\n<table width=\"100%\">\n<thead>\n<tr>\n<th align=\"left\" width=\"60%\">Molek\u00fcl<br \/>\n(Internationale Freiname)<\/th>\n<th align=\"left\" width=\"40%\">Titer<\/th>\n<\/tr>\n<\/thead>\n<tbody>\n<tr>\n<td align=\"left\">Adalimumab<\/td>\n<td align=\"left\">&gt; 8 g\/L<\/td>\n<\/tr>\n<tr style=\"background: #F0EFEF;\">\n<td align=\"left\">Aflibercept<\/td>\n<td align=\"left\">&gt; 1 g\/L<\/td>\n<\/tr>\n<tr>\n<td align=\"left\">Alglucosidase alfa<\/td>\n<td align=\"left\">&gt; 3 g\/L<\/td>\n<\/tr>\n<tr style=\"background: #F0EFEF;\">\n<td align=\"left\">Bevacizumab<\/td>\n<td align=\"left\">&gt; 5 g\/L<\/td>\n<\/tr>\n<tr>\n<td align=\"left\">Daratumumab <\/td>\n<td align=\"left\">3 g\/L<\/td>\n<\/tr>\n<tr style=\"background: #F0EFEF;\">\n<td align=\"left\">Dupilumab <\/td>\n<td align=\"left\">5 g\/L<\/td>\n<\/tr>\n<tr>\n<td align=\"left\">Dostarlimab<\/td>\n<td align=\"left\">4 g\/L<\/td>\n<\/tr>\n<tr style=\"background: #F0EFEF;\">\n<td align=\"left\">Efmoroctocog alfa (rFVIIIFc)<\/td>\n<td align=\"left\">100 mg\/L<\/td>\n<\/tr>\n<tr>\n<td align=\"left\">Emicizumab<\/td>\n<td align=\"left\">&gt; 400 mg\/L<\/td>\n<\/tr>\n<tr style=\"background: #F0EFEF;\">\n<td align=\"left\">Eptacog alfa (rfVIIa)<\/td>\n<td align=\"left\">50 mg\/L<\/td>\n<\/tr>\n<tr>\n<td align=\"left\">Follitropin (FSH)<\/td>\n<td align=\"left\">800 mg\/L<\/td>\n<\/tr>\n<tr style=\"background: #F0EFEF;\">\n<td align=\"left\">Mepolizumab<\/td>\n<td align=\"left\">&gt; 5 g\/L<\/td>\n<\/tr>\n<tr>\n<td align=\"left\">Nivolumab<\/td>\n<td align=\"left\">&gt; 6 g\/L<\/td>\n<\/tr>\n<tr style=\"background: #F0EFEF;\">\n<td align=\"left\">Omalizumab<\/td>\n<td align=\"left\">2 g\/L<\/td>\n<\/tr>\n<tr>\n<td align=\"left\">Pembrolizumab<\/td>\n<td align=\"left\">&gt; 3 g\/L<\/td>\n<\/tr>\n<tr style=\"background: #F0EFEF;\">\n<td align=\"left\">Pertuzumab<\/td>\n<td align=\"left\">&gt; 5 g\/L<\/td>\n<\/tr>\n<tr>\n<td align=\"left\">Trastuzumab<\/td>\n<td align=\"left\">&gt; 3 g\/L<\/td>\n<\/tr>\n<tr style=\"background: #F0EFEF;\">\n<td align=\"left\">Ustekinumab <\/td>\n<td align=\"left\">&gt; 3 g\/L<\/td>\n<\/tr>\n<\/tbody>\n<\/table>\n<\/div>\n<\/div><\/div><div class=\"fusion-layout-column fusion_builder_column fusion-builder-column-6 fusion_builder_column_1_1 1_1 fusion-flex-column\" style=\"--awb-bg-size:cover;--awb-width-large:100%;--awb-margin-top-large:0px;--awb-spacing-right-large:1.92%;--awb-margin-bottom-large:20px;--awb-spacing-left-large:1.92%;--awb-width-medium:100%;--awb-order-medium:0;--awb-spacing-right-medium:1.92%;--awb-spacing-left-medium:1.92%;--awb-width-small:100%;--awb-order-small:0;--awb-spacing-right-small:1.92%;--awb-spacing-left-small:1.92%;\"><div class=\"fusion-column-wrapper fusion-column-has-shadow fusion-flex-justify-content-flex-start fusion-content-layout-column\"><div class=\"fusion-text fusion-text-6\"><p style=\"font-weight: 400;\">\u2026\u00a0und viele mehr**<\/p>\n<p style=\"font-weight: 400;\">Sie interessieren sich f\u00fcr unsere Ready-to-Use-Zelllinien? Wir freuen uns auf Ihre Anfrage.<\/p>\n<\/div><\/div><\/div><\/div><\/div><div id=\"referenzen\" class=\"fusion-container-anchor\"><div class=\"fusion-fullwidth fullwidth-box fusion-builder-row-5 fusion-flex-container has-pattern-background has-mask-background gradient-container-5 nonhundred-percent-fullwidth non-hundred-percent-height-scrolling\" style=\"--awb-border-radius-top-left:0px;--awb-border-radius-top-right:0px;--awb-border-radius-bottom-right:0px;--awb-border-radius-bottom-left:0px;--awb-margin-bottom:0px;--awb-background-color:#e2e2e2;--awb-flex-wrap:wrap;\" ><div class=\"fusion-builder-row fusion-row fusion-flex-align-items-flex-start fusion-flex-justify-content-center fusion-flex-content-wrap\" style=\"max-width:1185.6px;margin-left: calc(-4% \/ 2 );margin-right: calc(-4% \/ 2 );\"><div class=\"fusion-layout-column fusion_builder_column fusion-builder-column-7 fusion_builder_column_1_1 1_1 fusion-flex-column\" style=\"--awb-bg-size:cover;--awb-width-large:100%;--awb-margin-top-large:0px;--awb-spacing-right-large:1.92%;--awb-margin-bottom-large:20px;--awb-spacing-left-large:1.92%;--awb-width-medium:100%;--awb-order-medium:0;--awb-spacing-right-medium:1.92%;--awb-spacing-left-medium:1.92%;--awb-width-small:100%;--awb-order-small:0;--awb-spacing-right-small:1.92%;--awb-spacing-left-small:1.92%;\"><div class=\"fusion-column-wrapper fusion-column-has-shadow fusion-flex-justify-content-flex-start fusion-content-layout-column\"><div class=\"fusion-separator fusion-full-width-sep\" style=\"align-self: center;margin-left: auto;margin-right: auto;margin-top:50px;width:100%;\"><\/div><div class=\"fusion-text fusion-text-7\"><h6>* Exemplarische Darstellung, konkrete Vergleichsstudien auf Anfrage<\/h6>\n<h6>** Disclaimer: Biosimilar cell lines are only available for experimental use relating to the subject-matter of the patented invention or for studies and trials necessary to obtain a marketing authorization for medicinal products in accordance with Art. 11 No. 2 and 2b of the German Patent Act, but not in any larger quantities, nor for any other purposes.<\/h6>\n<\/div><\/div><\/div><\/div><\/div><\/div><\/p>\n","protected":false},"excerpt":{"rendered":"","protected":false},"author":6,"featured_media":0,"parent":0,"menu_order":0,"comment_status":"closed","ping_status":"closed","template":"100-width.php","meta":{"footnotes":""},"class_list":["post-626","page","type-page","status-publish","hentry"],"yoast_head":"<!-- This site is optimized with the Yoast SEO plugin v23.6 - https:\/\/yoast.com\/wordpress\/plugins\/seo\/ -->\n<title>Ready-to-Use Zelllinien - UGA Biopharma<\/title>\n<meta name=\"description\" content=\"Mit unseren hochwertigen Ready-to-Use (R2U) CHO-Zelllinien erm\u00f6glichen wir Ihnen einen besonders effizienten und schnellen Weg zum eigenen Biosimilar.\" \/>\n<meta name=\"robots\" content=\"index, follow, max-snippet:-1, max-image-preview:large, max-video-preview:-1\" \/>\n<link rel=\"canonical\" href=\"https:\/\/ugabiopharma.com\/de\/ready-to-use-zelllinien\/\" \/>\n<meta property=\"og:locale\" content=\"de_DE\" \/>\n<meta property=\"og:type\" content=\"article\" \/>\n<meta property=\"og:title\" content=\"Ready-to-Use Zelllinien - UGA Biopharma\" \/>\n<meta property=\"og:description\" content=\"Mit unseren hochwertigen Ready-to-Use (R2U) CHO-Zelllinien erm\u00f6glichen wir Ihnen einen besonders effizienten und schnellen Weg zum eigenen Biosimilar.\" \/>\n<meta property=\"og:url\" content=\"https:\/\/ugabiopharma.com\/de\/ready-to-use-zelllinien\/\" \/>\n<meta property=\"og:site_name\" content=\"UGA Biopharma\" \/>\n<meta property=\"article:modified_time\" content=\"2025-08-12T13:18:26+00:00\" \/>\n<meta property=\"og:image\" content=\"https:\/\/ugabiopharma.com\/wp-content\/uploads\/2023\/05\/uga-biopharma-logo.png\" \/>\n\t<meta property=\"og:image:width\" content=\"224\" \/>\n\t<meta property=\"og:image:height\" content=\"130\" \/>\n\t<meta property=\"og:image:type\" content=\"image\/png\" \/>\n<meta name=\"twitter:card\" content=\"summary_large_image\" \/>\n<meta name=\"twitter:label1\" content=\"Gesch\u00e4tzte Lesezeit\" \/>\n\t<meta name=\"twitter:data1\" content=\"2\u00a0Minuten\" \/>\n<script type=\"application\/ld+json\" class=\"yoast-schema-graph\">{\"@context\":\"https:\/\/schema.org\",\"@graph\":[{\"@type\":\"WebPage\",\"@id\":\"https:\/\/ugabiopharma.com\/de\/ready-to-use-zelllinien\/\",\"url\":\"https:\/\/ugabiopharma.com\/de\/ready-to-use-zelllinien\/\",\"name\":\"Ready-to-Use Zelllinien - UGA Biopharma\",\"isPartOf\":{\"@id\":\"https:\/\/ugabiopharma.com\/#website\"},\"datePublished\":\"2023-05-11T09:02:16+00:00\",\"dateModified\":\"2025-08-12T13:18:26+00:00\",\"description\":\"Mit unseren hochwertigen Ready-to-Use (R2U) CHO-Zelllinien erm\u00f6glichen wir Ihnen einen besonders effizienten und schnellen Weg zum eigenen Biosimilar.\",\"breadcrumb\":{\"@id\":\"https:\/\/ugabiopharma.com\/de\/ready-to-use-zelllinien\/#breadcrumb\"},\"inLanguage\":\"de\",\"potentialAction\":[{\"@type\":\"ReadAction\",\"target\":[\"https:\/\/ugabiopharma.com\/de\/ready-to-use-zelllinien\/\"]}]},{\"@type\":\"BreadcrumbList\",\"@id\":\"https:\/\/ugabiopharma.com\/de\/ready-to-use-zelllinien\/#breadcrumb\",\"itemListElement\":[{\"@type\":\"ListItem\",\"position\":1,\"name\":\"Home\",\"item\":\"https:\/\/ugabiopharma.com\/de\/\"},{\"@type\":\"ListItem\",\"position\":2,\"name\":\"Ready-to-Use Zelllinien\"}]},{\"@type\":\"WebSite\",\"@id\":\"https:\/\/ugabiopharma.com\/#website\",\"url\":\"https:\/\/ugabiopharma.com\/\",\"name\":\"UGA Biopharma\",\"description\":\"\",\"publisher\":{\"@id\":\"https:\/\/ugabiopharma.com\/#organization\"},\"potentialAction\":[{\"@type\":\"SearchAction\",\"target\":{\"@type\":\"EntryPoint\",\"urlTemplate\":\"https:\/\/ugabiopharma.com\/?s={search_term_string}\"},\"query-input\":{\"@type\":\"PropertyValueSpecification\",\"valueRequired\":true,\"valueName\":\"search_term_string\"}}],\"inLanguage\":\"de\"},{\"@type\":\"Organization\",\"@id\":\"https:\/\/ugabiopharma.com\/#organization\",\"name\":\"UGA Biopharma\",\"url\":\"https:\/\/ugabiopharma.com\/\",\"logo\":{\"@type\":\"ImageObject\",\"inLanguage\":\"de\",\"@id\":\"https:\/\/ugabiopharma.com\/#\/schema\/logo\/image\/\",\"url\":\"https:\/\/ugabiopharma.com\/wp-content\/uploads\/2023\/05\/uga-biopharma-logo.png\",\"contentUrl\":\"https:\/\/ugabiopharma.com\/wp-content\/uploads\/2023\/05\/uga-biopharma-logo.png\",\"width\":224,\"height\":130,\"caption\":\"UGA Biopharma\"},\"image\":{\"@id\":\"https:\/\/ugabiopharma.com\/#\/schema\/logo\/image\/\"}}]}<\/script>\n<!-- \/ Yoast SEO plugin. -->","yoast_head_json":{"title":"Ready-to-Use Zelllinien - UGA Biopharma","description":"Mit unseren hochwertigen Ready-to-Use (R2U) CHO-Zelllinien erm\u00f6glichen wir Ihnen einen besonders effizienten und schnellen Weg zum eigenen Biosimilar.","robots":{"index":"index","follow":"follow","max-snippet":"max-snippet:-1","max-image-preview":"max-image-preview:large","max-video-preview":"max-video-preview:-1"},"canonical":"https:\/\/ugabiopharma.com\/de\/ready-to-use-zelllinien\/","og_locale":"de_DE","og_type":"article","og_title":"Ready-to-Use Zelllinien - UGA Biopharma","og_description":"Mit unseren hochwertigen Ready-to-Use (R2U) CHO-Zelllinien erm\u00f6glichen wir Ihnen einen besonders effizienten und schnellen Weg zum eigenen Biosimilar.","og_url":"https:\/\/ugabiopharma.com\/de\/ready-to-use-zelllinien\/","og_site_name":"UGA Biopharma","article_modified_time":"2025-08-12T13:18:26+00:00","og_image":[{"width":224,"height":130,"url":"https:\/\/ugabiopharma.com\/wp-content\/uploads\/2023\/05\/uga-biopharma-logo.png","type":"image\/png"}],"twitter_card":"summary_large_image","twitter_misc":{"Gesch\u00e4tzte Lesezeit":"2\u00a0Minuten"},"schema":{"@context":"https:\/\/schema.org","@graph":[{"@type":"WebPage","@id":"https:\/\/ugabiopharma.com\/de\/ready-to-use-zelllinien\/","url":"https:\/\/ugabiopharma.com\/de\/ready-to-use-zelllinien\/","name":"Ready-to-Use Zelllinien - UGA Biopharma","isPartOf":{"@id":"https:\/\/ugabiopharma.com\/#website"},"datePublished":"2023-05-11T09:02:16+00:00","dateModified":"2025-08-12T13:18:26+00:00","description":"Mit unseren hochwertigen Ready-to-Use (R2U) CHO-Zelllinien erm\u00f6glichen wir Ihnen einen besonders effizienten und schnellen Weg zum eigenen Biosimilar.","breadcrumb":{"@id":"https:\/\/ugabiopharma.com\/de\/ready-to-use-zelllinien\/#breadcrumb"},"inLanguage":"de","potentialAction":[{"@type":"ReadAction","target":["https:\/\/ugabiopharma.com\/de\/ready-to-use-zelllinien\/"]}]},{"@type":"BreadcrumbList","@id":"https:\/\/ugabiopharma.com\/de\/ready-to-use-zelllinien\/#breadcrumb","itemListElement":[{"@type":"ListItem","position":1,"name":"Home","item":"https:\/\/ugabiopharma.com\/de\/"},{"@type":"ListItem","position":2,"name":"Ready-to-Use Zelllinien"}]},{"@type":"WebSite","@id":"https:\/\/ugabiopharma.com\/#website","url":"https:\/\/ugabiopharma.com\/","name":"UGA Biopharma","description":"","publisher":{"@id":"https:\/\/ugabiopharma.com\/#organization"},"potentialAction":[{"@type":"SearchAction","target":{"@type":"EntryPoint","urlTemplate":"https:\/\/ugabiopharma.com\/?s={search_term_string}"},"query-input":{"@type":"PropertyValueSpecification","valueRequired":true,"valueName":"search_term_string"}}],"inLanguage":"de"},{"@type":"Organization","@id":"https:\/\/ugabiopharma.com\/#organization","name":"UGA Biopharma","url":"https:\/\/ugabiopharma.com\/","logo":{"@type":"ImageObject","inLanguage":"de","@id":"https:\/\/ugabiopharma.com\/#\/schema\/logo\/image\/","url":"https:\/\/ugabiopharma.com\/wp-content\/uploads\/2023\/05\/uga-biopharma-logo.png","contentUrl":"https:\/\/ugabiopharma.com\/wp-content\/uploads\/2023\/05\/uga-biopharma-logo.png","width":224,"height":130,"caption":"UGA Biopharma"},"image":{"@id":"https:\/\/ugabiopharma.com\/#\/schema\/logo\/image\/"}}]}},"_links":{"self":[{"href":"https:\/\/ugabiopharma.com\/de\/wp-json\/wp\/v2\/pages\/626","targetHints":{"allow":["GET"]}}],"collection":[{"href":"https:\/\/ugabiopharma.com\/de\/wp-json\/wp\/v2\/pages"}],"about":[{"href":"https:\/\/ugabiopharma.com\/de\/wp-json\/wp\/v2\/types\/page"}],"author":[{"embeddable":true,"href":"https:\/\/ugabiopharma.com\/de\/wp-json\/wp\/v2\/users\/6"}],"replies":[{"embeddable":true,"href":"https:\/\/ugabiopharma.com\/de\/wp-json\/wp\/v2\/comments?post=626"}],"version-history":[{"count":4,"href":"https:\/\/ugabiopharma.com\/de\/wp-json\/wp\/v2\/pages\/626\/revisions"}],"predecessor-version":[{"id":2892,"href":"https:\/\/ugabiopharma.com\/de\/wp-json\/wp\/v2\/pages\/626\/revisions\/2892"}],"wp:attachment":[{"href":"https:\/\/ugabiopharma.com\/de\/wp-json\/wp\/v2\/media?parent=626"}],"curies":[{"name":"wp","href":"https:\/\/api.w.org\/{rel}","templated":true}]}}