{"id":633,"date":"2023-05-11T11:04:02","date_gmt":"2023-05-11T09:04:02","guid":{"rendered":"https:\/\/ugabiopharma.de\/?page_id=633"},"modified":"2024-06-03T02:25:57","modified_gmt":"2024-06-03T00:25:57","slug":"news","status":"publish","type":"page","link":"https:\/\/ugabiopharma.com\/de\/news\/","title":{"rendered":"News"},"content":{"rendered":"<p><div class=\"fusion-fullwidth fullwidth-box fusion-builder-row-1 fusion-flex-container has-pattern-background has-mask-background fusion-parallax-none gradient-container-1 nonhundred-percent-fullwidth non-hundred-percent-height-scrolling lazyload\" style=\"--awb-background-position:center top;--awb-border-radius-top-left:0px;--awb-border-radius-top-right:0px;--awb-border-radius-bottom-right:0px;--awb-border-radius-bottom-left:0px;--awb-margin-top-small:80px;--awb-background-image:radial-gradient(circle at left bottom, rgba(0,127,146,0.7) 0%,rgba(79,186,173,0) 56%);;--awb-background-size:cover;--awb-flex-wrap:wrap;\" data-bg=\"https:\/\/ugabiopharma.com\/wp-content\/uploads\/2023\/11\/uga-biopharma-jobs.jpg\" data-bg-gradient=\"radial-gradient(circle at left bottom, rgba(0,127,146,0.7) 0%,rgba(79,186,173,0) 56%)\" ><div class=\"fusion-builder-row fusion-row fusion-flex-align-items-flex-start fusion-flex-content-wrap\" style=\"max-width:1185.6px;margin-left: calc(-4% \/ 2 );margin-right: calc(-4% \/ 2 );\"><div class=\"fusion-layout-column fusion_builder_column fusion-builder-column-0 fusion-flex-column\" style=\"--awb-bg-size:cover;--awb-width-large:60%;--awb-margin-top-large:0px;--awb-spacing-right-large:3.2%;--awb-margin-bottom-large:20px;--awb-spacing-left-large:3.2%;--awb-width-medium:60%;--awb-order-medium:0;--awb-spacing-right-medium:3.2%;--awb-spacing-left-medium:3.2%;--awb-width-small:100%;--awb-order-small:0;--awb-spacing-right-small:1.92%;--awb-spacing-left-small:1.92%;\"><div class=\"fusion-column-wrapper fusion-column-has-shadow fusion-flex-justify-content-flex-start fusion-content-layout-column\"><div class=\"fusion-separator fusion-no-small-visibility fusion-full-width-sep\" style=\"align-self: center;margin-left: auto;margin-right: auto;margin-top:320px;width:100%;\"><\/div><div class=\"fusion-separator fusion-no-medium-visibility fusion-no-large-visibility fusion-full-width-sep\" style=\"align-self: center;margin-left: auto;margin-right: auto;margin-top:330px;width:100%;\"><\/div><div class=\"fusion-text fusion-text-1 weiss schlagschatten keinetrennung\"><h1><span lang=\"EN-US\">News<br \/>\n<\/span><\/h1>\n<\/div><div class=\"fusion-separator fusion-no-small-visibility fusion-full-width-sep\" style=\"align-self: center;margin-left: auto;margin-right: auto;margin-top:67px;width:100%;\"><\/div><\/div><\/div><\/div><\/div><div class=\"fusion-fullwidth fullwidth-box fusion-builder-row-2 fusion-flex-container has-pattern-background has-mask-background gradient-container-2 nonhundred-percent-fullwidth non-hundred-percent-height-scrolling\" style=\"--awb-border-radius-top-left:0px;--awb-border-radius-top-right:0px;--awb-border-radius-bottom-right:0px;--awb-border-radius-bottom-left:0px;--awb-flex-wrap:wrap;\" ><div class=\"fusion-builder-row fusion-row fusion-flex-align-items-flex-start fusion-flex-content-wrap\" style=\"max-width:1185.6px;margin-left: calc(-4% \/ 2 );margin-right: calc(-4% \/ 2 );\"><div class=\"fusion-layout-column fusion_builder_column fusion-builder-column-1 fusion_builder_column_1_1 1_1 fusion-flex-column\" style=\"--awb-bg-size:cover;--awb-width-large:100%;--awb-margin-top-large:0px;--awb-spacing-right-large:1.92%;--awb-margin-bottom-large:20px;--awb-spacing-left-large:1.92%;--awb-width-medium:100%;--awb-order-medium:0;--awb-spacing-right-medium:1.92%;--awb-spacing-left-medium:1.92%;--awb-width-small:100%;--awb-order-small:0;--awb-spacing-right-small:1.92%;--awb-spacing-left-small:1.92%;\"><div class=\"fusion-column-wrapper fusion-column-has-shadow fusion-flex-justify-content-flex-start fusion-content-layout-column\"><div class=\"fusion-separator fusion-no-small-visibility fusion-full-width-sep\" style=\"align-self: center;margin-left: auto;margin-right: auto;margin-top:120px;width:100%;\"><\/div><div class=\"fusion-separator fusion-no-medium-visibility fusion-no-large-visibility fusion-full-width-sep\" style=\"align-self: center;margin-left: auto;margin-right: auto;margin-top:60px;width:100%;\"><\/div><div class=\"fusion-title title fusion-title-1 fusion-sep-none fusion-title-text fusion-title-size-two\" style=\"--awb-text-color:var(--awb-color4);--awb-margin-bottom:0px;\"><h2 class=\"fusion-title-heading title-heading-left fusion-responsive-typography-calculated\" style=\"margin:0;--fontSize:45.52;line-height:1.12;\">Aktuelle Informationen von UGA Biopharma<\/h2><\/div><div class=\"fusion-separator trennerheadline\" style=\"align-self: flex-start;margin-right:auto;margin-top:15px;margin-bottom:88px;width:100%;max-width:68px;\"><\/div><\/div><\/div><\/div><\/div><div class=\"fusion-fullwidth fullwidth-box fusion-builder-row-3 fusion-flex-container has-pattern-background has-mask-background gradient-container-3 nonhundred-percent-fullwidth non-hundred-percent-height-scrolling\" style=\"--awb-border-radius-top-left:0px;--awb-border-radius-top-right:0px;--awb-border-radius-bottom-right:0px;--awb-border-radius-bottom-left:0px;--awb-flex-wrap:wrap;\" ><div class=\"fusion-builder-row fusion-row fusion-flex-align-items-flex-start fusion-flex-content-wrap\" style=\"max-width:1185.6px;margin-left: calc(-4% \/ 2 );margin-right: calc(-4% \/ 2 );\"><div class=\"fusion-layout-column fusion_builder_column fusion-builder-column-2 fusion_builder_column_1_1 1_1 fusion-flex-column\" style=\"--awb-bg-size:cover;--awb-width-large:100%;--awb-margin-top-large:0px;--awb-spacing-right-large:1.92%;--awb-margin-bottom-large:20px;--awb-spacing-left-large:1.92%;--awb-width-medium:100%;--awb-order-medium:0;--awb-spacing-right-medium:1.92%;--awb-spacing-left-medium:1.92%;--awb-width-small:100%;--awb-order-small:0;--awb-spacing-right-small:1.92%;--awb-spacing-left-small:1.92%;\"><div class=\"fusion-column-wrapper fusion-column-has-shadow fusion-flex-justify-content-flex-start fusion-content-layout-column\"><div class=\"fusion-recent-posts fusion-recent-posts-1 avada-container layout-default layout-columns-1 fusion-recent-posts-left listestellenanzeigen\"><section class=\"fusion-columns columns fusion-columns-1 columns-1\"><article class=\"post fusion-column column col col-lg-12 col-md-12 col-sm-12\"><div class=\"recent-posts-content\"><span class=\"vcard\" style=\"display: none;\"><span class=\"fn\"><a href=\"https:\/\/ugabiopharma.com\/de\/author\/eric-guenzi\/\" title=\"Beitr\u00e4ge von Eric Guenzi\" rel=\"author\">Eric Guenzi<\/a><\/span><\/span><span class=\"updated\" style=\"display:none;\">2026-03-08T15:06:58+01:00<\/span><h3 class=\"entry-title\"><a href=\"https:\/\/ugabiopharma.com\/de\/uga-biopharma-wird-in-waters-fallstudie-zur-automatisierten-glykananalyse-erwaehnt\/\">UGA Biopharma wird in Waters Fallstudie zur automatisierten Glykananalyse erw\u00e4hnt<\/a><\/h3><p class=\"meta\"><span class=\"vcard\" style=\"display: none;\"><span class=\"fn\"><a href=\"https:\/\/ugabiopharma.com\/de\/author\/eric-guenzi\/\" title=\"Beitr\u00e4ge von Eric Guenzi\" rel=\"author\">Eric Guenzi<\/a><\/span><\/span><span class=\"updated\" style=\"display:none;\">2026-03-08T15:06:58+01:00<\/span><span>25. Februar 2026<\/span><span class=\"fusion-inline-sep\">|<\/span><\/p><p>Aufgrund seines starken Engagements und der wissenschaftlichen Verantwortung gegen\u00fcber seinen Kunden und deren Patienten betrachtet UGA Biopharma hochmoderne technologische Labore als grundlegende Voraussetzung.<\/p><\/div><\/article><article class=\"post fusion-column column col col-lg-12 col-md-12 col-sm-12\"><div class=\"recent-posts-content\"><span class=\"vcard\" style=\"display: none;\"><span class=\"fn\"><a href=\"https:\/\/ugabiopharma.com\/de\/author\/eric-guenzi\/\" title=\"Beitr\u00e4ge von Eric Guenzi\" rel=\"author\">Eric Guenzi<\/a><\/span><\/span><span class=\"updated\" style=\"display:none;\">2026-03-14T18:36:57+01:00<\/span><h3 class=\"entry-title\"><a href=\"https:\/\/ugabiopharma.com\/de\/termin-vormerken-24-maerz-2026-webinar-ueber-evaluating-the-impact-of-cell-culture-supplements-on-cho-clonal-outgrowth-efficiency-auf-xtalks\/\">Termin vormerken: 24.M\u00e4rz 2026, Webinar \u00fcber \u201cEvaluating the Impact of Cell Culture Supplements on CHO Clonal Outgrowth Efficiency\u201d auf Xtalks.<\/a><\/h3><p class=\"meta\"><span class=\"vcard\" style=\"display: none;\"><span class=\"fn\"><a href=\"https:\/\/ugabiopharma.com\/de\/author\/eric-guenzi\/\" title=\"Beitr\u00e4ge von Eric Guenzi\" rel=\"author\">Eric Guenzi<\/a><\/span><\/span><span class=\"updated\" style=\"display:none;\">2026-03-14T18:36:57+01:00<\/span><span>25. Februar 2026<\/span><span class=\"fusion-inline-sep\">|<\/span><\/p><p>Nehmen Sie an unserem Webinar teil und begleiten Sie unsere Associate Scientist, Frau Dorothee D\u00fcsterh\u00f6ft, gemeinsam mit Nova Biomedical auf Xtalks, um die Daten, zentrale Erkenntnisse und praktischen Implikationen f\u00fcr moderne Workflows in der Zelllinienentwicklung zu entdecken.<\/p><\/div><\/article><article class=\"post fusion-column column col col-lg-12 col-md-12 col-sm-12\"><div class=\"recent-posts-content\"><span class=\"vcard\" style=\"display: none;\"><span class=\"fn\"><a href=\"https:\/\/ugabiopharma.com\/de\/author\/eric-guenzi\/\" title=\"Beitr\u00e4ge von Eric Guenzi\" rel=\"author\">Eric Guenzi<\/a><\/span><\/span><span class=\"updated\" style=\"display:none;\">2026-03-14T18:38:01+01:00<\/span><h3 class=\"entry-title\"><a href=\"https:\/\/ugabiopharma.com\/de\/uga-biopharma-untersuchte-instigro-cho-cd-in-kombination-mit-der-cho-prime-medien-und-feed-plattform\/\">UGA Biopharma untersuchte InstiGRO\u00ae CHO CD in Kombination mit der CHO-Prime\u00ae Medien- und Feed-Plattform<\/a><\/h3><p class=\"meta\"><span class=\"vcard\" style=\"display: none;\"><span class=\"fn\"><a href=\"https:\/\/ugabiopharma.com\/de\/author\/eric-guenzi\/\" title=\"Beitr\u00e4ge von Eric Guenzi\" rel=\"author\">Eric Guenzi<\/a><\/span><\/span><span class=\"updated\" style=\"display:none;\">2026-03-14T18:38:01+01:00<\/span><span>24. Januar 2026<\/span><span class=\"fusion-inline-sep\">|<\/span><\/p><p>Aufgrund seines starken Engagements und der wissenschaftlichen Verantwortung gegen\u00fcber seinen Kunden und deren Patienten betrachtet UGA Biopharma hochmoderne technologische Labore als grundlegende Voraussetzung.<\/p><\/div><\/article><article class=\"post fusion-column column col col-lg-12 col-md-12 col-sm-12\"><div class=\"recent-posts-content\"><span class=\"vcard\" style=\"display: none;\"><span class=\"fn\"><a href=\"https:\/\/ugabiopharma.com\/de\/author\/eric-guenzi\/\" title=\"Beitr\u00e4ge von Eric Guenzi\" rel=\"author\">Eric Guenzi<\/a><\/span><\/span><span class=\"updated\" style=\"display:none;\">2026-03-08T15:44:00+01:00<\/span><h3 class=\"entry-title\"><a href=\"https:\/\/ugabiopharma.com\/de\/treffen-sie-uns-auf-der-cphi-2025-in-frankfurt\/\">Treffen Sie uns auf der CPHI 2025 in Frankfurt<\/a><\/h3><p class=\"meta\"><span class=\"vcard\" style=\"display: none;\"><span class=\"fn\"><a href=\"https:\/\/ugabiopharma.com\/de\/author\/eric-guenzi\/\" title=\"Beitr\u00e4ge von Eric Guenzi\" rel=\"author\">Eric Guenzi<\/a><\/span><\/span><span class=\"updated\" style=\"display:none;\">2026-03-08T15:44:00+01:00<\/span><span>1. Oktober 2025<\/span><span class=\"fusion-inline-sep\">|<\/span><\/p><p>Wir freuen uns, unsere Teilnahme an der CPHI 2025 in Frankfurt bekannt zu geben.<\/p><\/div><\/article><article class=\"post fusion-column column col col-lg-12 col-md-12 col-sm-12\"><div class=\"recent-posts-content\"><span class=\"vcard\" style=\"display: none;\"><span class=\"fn\"><a href=\"https:\/\/ugabiopharma.com\/de\/author\/eric-guenzi\/\" title=\"Beitr\u00e4ge von Eric Guenzi\" rel=\"author\">Eric Guenzi<\/a><\/span><\/span><span class=\"updated\" style=\"display:none;\">2026-03-08T14:58:07+01:00<\/span><h3 class=\"entry-title\"><a href=\"https:\/\/ugabiopharma.com\/de\/save-the-date-10-12-september-seien-sie-dabei-wenn-uga-seine-session-auf-dem-global-bioprocessing-summit-exhibition\/\">Save the Date: 10. \u2013 12.September &#8211; Seien Sie dabei, wenn UGA seine Session auf dem Global Bioprocessing Summit &#038; Exhibition<\/a><\/h3><p class=\"meta\"><span class=\"vcard\" style=\"display: none;\"><span class=\"fn\"><a href=\"https:\/\/ugabiopharma.com\/de\/author\/eric-guenzi\/\" title=\"Beitr\u00e4ge von Eric Guenzi\" rel=\"author\">Eric Guenzi<\/a><\/span><\/span><span class=\"updated\" style=\"display:none;\">2026-03-08T14:58:07+01:00<\/span><span>27. August 2025<\/span><span class=\"fusion-inline-sep\">|<\/span><\/p><p>Wir freuen uns, Sie zu einer exklusiven Pr\u00e4sentation der UGA Biopharma auf dem Global Bioprocessing Summit &amp; Exhibition einzuladen, der vom 10. \u2013 12. September in Berlin stattfindet.<\/p><\/div><\/article><article class=\"post fusion-column column col col-lg-12 col-md-12 col-sm-12\"><div class=\"recent-posts-content\"><span class=\"vcard\" style=\"display: none;\"><span class=\"fn\"><a href=\"https:\/\/ugabiopharma.com\/de\/author\/eric-guenzi\/\" title=\"Beitr\u00e4ge von Eric Guenzi\" rel=\"author\">Eric Guenzi<\/a><\/span><\/span><span class=\"updated\" style=\"display:none;\">2024-09-14T10:54:47+02:00<\/span><h3 class=\"entry-title\"><a href=\"https:\/\/ugabiopharma.com\/de\/come-and-visit-us-at-our-booth-20c11-at-cphi-2024\/\">Come and visit us at our booth 20C11 at CPHI 2024<\/a><\/h3><p class=\"meta\"><span class=\"vcard\" style=\"display: none;\"><span class=\"fn\"><a href=\"https:\/\/ugabiopharma.com\/de\/author\/eric-guenzi\/\" title=\"Beitr\u00e4ge von Eric Guenzi\" rel=\"author\">Eric Guenzi<\/a><\/span><\/span><span class=\"updated\" style=\"display:none;\">2024-09-14T10:54:47+02:00<\/span><span>14. September 2024<\/span><span class=\"fusion-inline-sep\">|<\/span><\/p><p>Take the chance to meet us at booth 20C11 and get insights into our newest developments.<\/p><\/div><\/article><\/section><div class=\"pagination clearfix\"><span class=\"current\">1<\/span><a href=\"https:\/\/ugabiopharma.com\/de\/wp-json\/wp\/v2\/pages\/633\/page\/2\/\" class=\"inactive\">2<\/a><a class=\"pagination-next\" rel=\"next\" href=\"https:\/\/ugabiopharma.com\/de\/wp-json\/wp\/v2\/pages\/633\/page\/2\/\"><span class=\"page-text\">Vor<\/span><span class=\"page-next\"><\/span><\/a><\/div><div class=\"fusion-clearfix\"><\/div><\/div><\/div><\/div><\/div><\/div><\/p>\n","protected":false},"excerpt":{"rendered":"","protected":false},"author":6,"featured_media":0,"parent":0,"menu_order":0,"comment_status":"closed","ping_status":"closed","template":"100-width.php","meta":{"footnotes":""},"class_list":["post-633","page","type-page","status-publish","hentry"],"yoast_head":"<!-- This site is optimized with the Yoast SEO plugin v23.6 - https:\/\/yoast.com\/wordpress\/plugins\/seo\/ -->\n<title>News - UGA Biopharma<\/title>\n<meta name=\"description\" content=\"Aktuelle Informationen von UGA Biopharma \u2013 dem Experten f\u00fcr hochmoderne Zelllinien zur Produktion von Biologika und Biosimilar.\" \/>\n<meta name=\"robots\" content=\"index, follow, max-snippet:-1, max-image-preview:large, max-video-preview:-1\" \/>\n<link rel=\"canonical\" href=\"https:\/\/ugabiopharma.com\/de\/news\/\" \/>\n<meta property=\"og:locale\" content=\"de_DE\" \/>\n<meta property=\"og:type\" content=\"article\" \/>\n<meta property=\"og:title\" content=\"News - UGA Biopharma\" \/>\n<meta property=\"og:description\" content=\"Aktuelle Informationen von UGA Biopharma \u2013 dem Experten f\u00fcr hochmoderne Zelllinien zur Produktion von Biologika und Biosimilar.\" \/>\n<meta property=\"og:url\" content=\"https:\/\/ugabiopharma.com\/de\/news\/\" \/>\n<meta property=\"og:site_name\" content=\"UGA Biopharma\" \/>\n<meta property=\"article:modified_time\" content=\"2024-06-03T00:25:57+00:00\" \/>\n<meta property=\"og:image\" content=\"https:\/\/ugabiopharma.com\/wp-content\/uploads\/2023\/05\/uga-biopharma-logo.png\" \/>\n\t<meta property=\"og:image:width\" content=\"224\" \/>\n\t<meta property=\"og:image:height\" content=\"130\" \/>\n\t<meta property=\"og:image:type\" content=\"image\/png\" \/>\n<meta name=\"twitter:card\" content=\"summary_large_image\" \/>\n<meta name=\"twitter:label1\" content=\"Gesch\u00e4tzte Lesezeit\" \/>\n\t<meta name=\"twitter:data1\" content=\"1\u00a0Minute\" \/>\n<script type=\"application\/ld+json\" class=\"yoast-schema-graph\">{\"@context\":\"https:\/\/schema.org\",\"@graph\":[{\"@type\":\"WebPage\",\"@id\":\"https:\/\/ugabiopharma.com\/de\/news\/\",\"url\":\"https:\/\/ugabiopharma.com\/de\/news\/\",\"name\":\"News - UGA Biopharma\",\"isPartOf\":{\"@id\":\"https:\/\/ugabiopharma.com\/#website\"},\"datePublished\":\"2023-05-11T09:04:02+00:00\",\"dateModified\":\"2024-06-03T00:25:57+00:00\",\"description\":\"Aktuelle Informationen von UGA Biopharma \u2013 dem Experten f\u00fcr hochmoderne Zelllinien zur Produktion von Biologika und Biosimilar.\",\"breadcrumb\":{\"@id\":\"https:\/\/ugabiopharma.com\/de\/news\/#breadcrumb\"},\"inLanguage\":\"de\",\"potentialAction\":[{\"@type\":\"ReadAction\",\"target\":[\"https:\/\/ugabiopharma.com\/de\/news\/\"]}]},{\"@type\":\"BreadcrumbList\",\"@id\":\"https:\/\/ugabiopharma.com\/de\/news\/#breadcrumb\",\"itemListElement\":[{\"@type\":\"ListItem\",\"position\":1,\"name\":\"Home\",\"item\":\"https:\/\/ugabiopharma.com\/de\/\"},{\"@type\":\"ListItem\",\"position\":2,\"name\":\"News\"}]},{\"@type\":\"WebSite\",\"@id\":\"https:\/\/ugabiopharma.com\/#website\",\"url\":\"https:\/\/ugabiopharma.com\/\",\"name\":\"UGA Biopharma\",\"description\":\"\",\"publisher\":{\"@id\":\"https:\/\/ugabiopharma.com\/#organization\"},\"potentialAction\":[{\"@type\":\"SearchAction\",\"target\":{\"@type\":\"EntryPoint\",\"urlTemplate\":\"https:\/\/ugabiopharma.com\/?s={search_term_string}\"},\"query-input\":{\"@type\":\"PropertyValueSpecification\",\"valueRequired\":true,\"valueName\":\"search_term_string\"}}],\"inLanguage\":\"de\"},{\"@type\":\"Organization\",\"@id\":\"https:\/\/ugabiopharma.com\/#organization\",\"name\":\"UGA Biopharma\",\"url\":\"https:\/\/ugabiopharma.com\/\",\"logo\":{\"@type\":\"ImageObject\",\"inLanguage\":\"de\",\"@id\":\"https:\/\/ugabiopharma.com\/#\/schema\/logo\/image\/\",\"url\":\"https:\/\/ugabiopharma.com\/wp-content\/uploads\/2023\/05\/uga-biopharma-logo.png\",\"contentUrl\":\"https:\/\/ugabiopharma.com\/wp-content\/uploads\/2023\/05\/uga-biopharma-logo.png\",\"width\":224,\"height\":130,\"caption\":\"UGA Biopharma\"},\"image\":{\"@id\":\"https:\/\/ugabiopharma.com\/#\/schema\/logo\/image\/\"}}]}<\/script>\n<!-- \/ Yoast SEO plugin. -->","yoast_head_json":{"title":"News - UGA Biopharma","description":"Aktuelle Informationen von UGA Biopharma \u2013 dem Experten f\u00fcr hochmoderne Zelllinien zur Produktion von Biologika und Biosimilar.","robots":{"index":"index","follow":"follow","max-snippet":"max-snippet:-1","max-image-preview":"max-image-preview:large","max-video-preview":"max-video-preview:-1"},"canonical":"https:\/\/ugabiopharma.com\/de\/news\/","og_locale":"de_DE","og_type":"article","og_title":"News - UGA Biopharma","og_description":"Aktuelle Informationen von UGA Biopharma \u2013 dem Experten f\u00fcr hochmoderne Zelllinien zur Produktion von Biologika und Biosimilar.","og_url":"https:\/\/ugabiopharma.com\/de\/news\/","og_site_name":"UGA Biopharma","article_modified_time":"2024-06-03T00:25:57+00:00","og_image":[{"width":224,"height":130,"url":"https:\/\/ugabiopharma.com\/wp-content\/uploads\/2023\/05\/uga-biopharma-logo.png","type":"image\/png"}],"twitter_card":"summary_large_image","twitter_misc":{"Gesch\u00e4tzte Lesezeit":"1\u00a0Minute"},"schema":{"@context":"https:\/\/schema.org","@graph":[{"@type":"WebPage","@id":"https:\/\/ugabiopharma.com\/de\/news\/","url":"https:\/\/ugabiopharma.com\/de\/news\/","name":"News - UGA Biopharma","isPartOf":{"@id":"https:\/\/ugabiopharma.com\/#website"},"datePublished":"2023-05-11T09:04:02+00:00","dateModified":"2024-06-03T00:25:57+00:00","description":"Aktuelle Informationen von UGA Biopharma \u2013 dem Experten f\u00fcr hochmoderne Zelllinien zur Produktion von Biologika und Biosimilar.","breadcrumb":{"@id":"https:\/\/ugabiopharma.com\/de\/news\/#breadcrumb"},"inLanguage":"de","potentialAction":[{"@type":"ReadAction","target":["https:\/\/ugabiopharma.com\/de\/news\/"]}]},{"@type":"BreadcrumbList","@id":"https:\/\/ugabiopharma.com\/de\/news\/#breadcrumb","itemListElement":[{"@type":"ListItem","position":1,"name":"Home","item":"https:\/\/ugabiopharma.com\/de\/"},{"@type":"ListItem","position":2,"name":"News"}]},{"@type":"WebSite","@id":"https:\/\/ugabiopharma.com\/#website","url":"https:\/\/ugabiopharma.com\/","name":"UGA Biopharma","description":"","publisher":{"@id":"https:\/\/ugabiopharma.com\/#organization"},"potentialAction":[{"@type":"SearchAction","target":{"@type":"EntryPoint","urlTemplate":"https:\/\/ugabiopharma.com\/?s={search_term_string}"},"query-input":{"@type":"PropertyValueSpecification","valueRequired":true,"valueName":"search_term_string"}}],"inLanguage":"de"},{"@type":"Organization","@id":"https:\/\/ugabiopharma.com\/#organization","name":"UGA Biopharma","url":"https:\/\/ugabiopharma.com\/","logo":{"@type":"ImageObject","inLanguage":"de","@id":"https:\/\/ugabiopharma.com\/#\/schema\/logo\/image\/","url":"https:\/\/ugabiopharma.com\/wp-content\/uploads\/2023\/05\/uga-biopharma-logo.png","contentUrl":"https:\/\/ugabiopharma.com\/wp-content\/uploads\/2023\/05\/uga-biopharma-logo.png","width":224,"height":130,"caption":"UGA Biopharma"},"image":{"@id":"https:\/\/ugabiopharma.com\/#\/schema\/logo\/image\/"}}]}},"_links":{"self":[{"href":"https:\/\/ugabiopharma.com\/de\/wp-json\/wp\/v2\/pages\/633","targetHints":{"allow":["GET"]}}],"collection":[{"href":"https:\/\/ugabiopharma.com\/de\/wp-json\/wp\/v2\/pages"}],"about":[{"href":"https:\/\/ugabiopharma.com\/de\/wp-json\/wp\/v2\/types\/page"}],"author":[{"embeddable":true,"href":"https:\/\/ugabiopharma.com\/de\/wp-json\/wp\/v2\/users\/6"}],"replies":[{"embeddable":true,"href":"https:\/\/ugabiopharma.com\/de\/wp-json\/wp\/v2\/comments?post=633"}],"version-history":[{"count":3,"href":"https:\/\/ugabiopharma.com\/de\/wp-json\/wp\/v2\/pages\/633\/revisions"}],"predecessor-version":[{"id":2614,"href":"https:\/\/ugabiopharma.com\/de\/wp-json\/wp\/v2\/pages\/633\/revisions\/2614"}],"wp:attachment":[{"href":"https:\/\/ugabiopharma.com\/de\/wp-json\/wp\/v2\/media?parent=633"}],"curies":[{"name":"wp","href":"https:\/\/api.w.org\/{rel}","templated":true}]}}