{"id":645,"date":"2023-05-11T11:05:29","date_gmt":"2023-05-11T09:05:29","guid":{"rendered":"https:\/\/ugabiopharma.de\/?page_id=645"},"modified":"2025-03-03T00:43:10","modified_gmt":"2025-03-02T23:43:10","slug":"qualitaet-qualitaetsmanagement","status":"publish","type":"page","link":"https:\/\/ugabiopharma.com\/de\/qualitaet-qualitaetsmanagement\/","title":{"rendered":"Qualit\u00e4t"},"content":{"rendered":"<p><div class=\"fusion-fullwidth fullwidth-box fusion-builder-row-1 fusion-flex-container has-pattern-background has-mask-background fusion-parallax-none gradient-container-1 nonhundred-percent-fullwidth non-hundred-percent-height-scrolling lazyload\" style=\"--awb-border-radius-top-left:0px;--awb-border-radius-top-right:0px;--awb-border-radius-bottom-right:0px;--awb-border-radius-bottom-left:0px;--awb-background-image:radial-gradient(circle at left bottom, rgba(0,127,146,0.7) 0%,rgba(79,186,173,0) 56%);;--awb-background-size:cover;--awb-flex-wrap:wrap;\" data-bg=\"https:\/\/ugabiopharma.com\/wp-content\/uploads\/2023\/11\/uga-biopharm-faq-lab-work-1.jpg\" data-bg-gradient=\"radial-gradient(circle at left bottom, rgba(0,127,146,0.7) 0%,rgba(79,186,173,0) 56%)\" ><div class=\"fusion-builder-row fusion-row fusion-flex-align-items-flex-start fusion-flex-content-wrap\" style=\"max-width:1185.6px;margin-left: calc(-4% \/ 2 );margin-right: calc(-4% \/ 2 );\"><div class=\"fusion-layout-column fusion_builder_column fusion-builder-column-0 fusion-flex-column\" style=\"--awb-bg-size:cover;--awb-width-large:80%;--awb-margin-top-large:0px;--awb-spacing-right-large:2.4%;--awb-margin-bottom-large:20px;--awb-spacing-left-large:2.4%;--awb-width-medium:80%;--awb-order-medium:0;--awb-spacing-right-medium:2.4%;--awb-spacing-left-medium:2.4%;--awb-width-small:100%;--awb-order-small:0;--awb-spacing-right-small:1.92%;--awb-spacing-left-small:1.92%;\"><div class=\"fusion-column-wrapper fusion-column-has-shadow fusion-flex-justify-content-flex-start fusion-content-layout-column\"><div class=\"fusion-separator fusion-full-width-sep\" style=\"align-self: center;margin-left: auto;margin-right: auto;margin-top:320px;width:100%;\"><\/div><div class=\"fusion-text fusion-text-1 weiss schlagschatten keinetrennung\"><h1>Qualit\u00e4t<\/h1>\n<\/div><div class=\"fusion-separator fusion-full-width-sep\" style=\"align-self: center;margin-left: auto;margin-right: auto;margin-top:67px;width:100%;\"><\/div><\/div><\/div><\/div><\/div><div class=\"fusion-fullwidth fullwidth-box fusion-builder-row-2 fusion-flex-container has-pattern-background has-mask-background gradient-container-2 nonhundred-percent-fullwidth non-hundred-percent-height-scrolling\" style=\"--awb-border-radius-top-left:0px;--awb-border-radius-top-right:0px;--awb-border-radius-bottom-right:0px;--awb-border-radius-bottom-left:0px;--awb-flex-wrap:wrap;\" ><div class=\"fusion-builder-row fusion-row fusion-flex-align-items-flex-start fusion-flex-content-wrap\" style=\"max-width:1185.6px;margin-left: calc(-4% \/ 2 );margin-right: calc(-4% \/ 2 );\"><div class=\"fusion-layout-column fusion_builder_column fusion-builder-column-1 fusion_builder_column_1_1 1_1 fusion-flex-column\" style=\"--awb-bg-size:cover;--awb-transition:filter 300ms ease-in, transform 300ms ease-in, background-color 300ms ease-in, border-color 300ms ease-in;--awb-width-large:100%;--awb-margin-top-large:0px;--awb-spacing-right-large:1.92%;--awb-margin-bottom-large:20px;--awb-spacing-left-large:1.92%;--awb-width-medium:100%;--awb-order-medium:0;--awb-spacing-right-medium:1.92%;--awb-spacing-left-medium:1.92%;--awb-width-small:100%;--awb-order-small:0;--awb-spacing-right-small:1.92%;--awb-spacing-left-small:1.92%;\"><div class=\"fusion-column-wrapper fusion-column-has-shadow fusion-flex-justify-content-flex-start fusion-content-layout-column\"><div class=\"fusion-separator fusion-full-width-sep\" style=\"align-self: center;margin-left: auto;margin-right: auto;margin-top:120px;width:100%;\"><\/div><div class=\"fusion-title title fusion-title-1 fusion-sep-none fusion-title-text fusion-title-size-two kreintrennung\" style=\"--awb-text-color:var(--awb-color4);--awb-margin-bottom:0px;\"><h2 class=\"fusion-title-heading title-heading-left fusion-responsive-typography-calculated\" style=\"margin:0;--fontSize:45.52;line-height:1.12;\">Reibungslose Prozesse, minimale Risiken<\/h2><\/div><div class=\"fusion-separator trennerheadline\" style=\"align-self: flex-start;margin-right:auto;margin-top:15px;margin-bottom:88px;width:100%;max-width:68px;\"><\/div><div class=\"fusion-text fusion-text-2\"><div>\n<p><span lang=\"DE\">Eine tragende S\u00e4ule der Unternehmensphilosophie ist unser Qualit\u00e4tsmanagementsystem, das nach dem internationalen Standard <\/span> <strong>DIN EN ISO 9001:2015 <\/strong><span lang=\"DE\">zertifiziert ist<\/span>. Es ist spezifisch an unsere internen und externen Prozesse angepasst und wird auf allen Unternehmensebenen umgesetzt.<\/p>\n<\/div>\n<p style=\"font-weight: 400;\">So k\u00f6nnen wir Risiken minimieren und die Qualit\u00e4t unserer Prozesse sicherstellen. Dabei erf\u00fcllt das System alle Regularien und gesetzlichen Vorgaben und l\u00e4sst uns dennoch die Flexibilit\u00e4t, gezielt auf die individuellen Bed\u00fcrfnisse unserer Kunden einzugehen.<\/p>\n<p style=\"font-weight: 400;\">Wir arbeiten im gesamten Unternehmen kontinuierlich an der Optimierung unserer Prozesse, um stets bestm\u00f6gliche Ergebnisse zu liefern.<\/p>\n<\/div><\/div><\/div><div class=\"fusion-layout-column fusion_builder_column fusion-builder-column-2 fusion_builder_column_1_3 1_3 fusion-flex-column\" style=\"--awb-bg-size:cover;--awb-width-large:33.333333333333%;--awb-margin-top-large:0px;--awb-spacing-right-large:5.76%;--awb-margin-bottom-large:20px;--awb-spacing-left-large:5.76%;--awb-width-medium:33.333333333333%;--awb-order-medium:0;--awb-spacing-right-medium:5.76%;--awb-spacing-left-medium:5.76%;--awb-width-small:100%;--awb-order-small:0;--awb-spacing-right-small:1.92%;--awb-spacing-left-small:1.92%;\"><div class=\"fusion-column-wrapper fusion-column-has-shadow fusion-flex-justify-content-flex-start fusion-content-layout-column\"><div class=\"fusion-image-element \" style=\"--awb-caption-title-font-family:var(--h2_typography-font-family);--awb-caption-title-font-weight:var(--h2_typography-font-weight);--awb-caption-title-font-style:var(--h2_typography-font-style);--awb-caption-title-size:var(--h2_typography-font-size);--awb-caption-title-transform:var(--h2_typography-text-transform);--awb-caption-title-line-height:var(--h2_typography-line-height);--awb-caption-title-letter-spacing:var(--h2_typography-letter-spacing);\"><span class=\" fusion-imageframe imageframe-none imageframe-1 hover-type-none\"><img decoding=\"async\" width=\"1024\" height=\"378\" alt=\"tr testmark\" title=\"TR-Testmark_9000031294_DE_CMYK_with-QR-Code_hi-res\" src=\"https:\/\/ugabiopharma.com\/wp-content\/uploads\/2024\/05\/TR-Testmark_9000031294_DE_CMYK_with-QR-Code_hi-res-1.png\" data-orig-src=\"https:\/\/ugabiopharma.com\/wp-content\/uploads\/2024\/05\/TR-Testmark_9000031294_DE_CMYK_with-QR-Code_hi-res-1-1024x378.png\" class=\"lazyload img-responsive wp-image-2581\" srcset=\"data:image\/svg+xml,%3Csvg%20xmlns%3D%27http%3A%2F%2Fwww.w3.org%2F2000%2Fsvg%27%20width%3D%271920%27%20height%3D%27709%27%20viewBox%3D%270%200%201920%20709%27%3E%3Crect%20width%3D%271920%27%20height%3D%27709%27%20fill-opacity%3D%220%22%2F%3E%3C%2Fsvg%3E\" data-srcset=\"https:\/\/ugabiopharma.com\/wp-content\/uploads\/2024\/05\/TR-Testmark_9000031294_DE_CMYK_with-QR-Code_hi-res-1-200x74.png 200w, https:\/\/ugabiopharma.com\/wp-content\/uploads\/2024\/05\/TR-Testmark_9000031294_DE_CMYK_with-QR-Code_hi-res-1-400x148.png 400w, https:\/\/ugabiopharma.com\/wp-content\/uploads\/2024\/05\/TR-Testmark_9000031294_DE_CMYK_with-QR-Code_hi-res-1-600x222.png 600w, https:\/\/ugabiopharma.com\/wp-content\/uploads\/2024\/05\/TR-Testmark_9000031294_DE_CMYK_with-QR-Code_hi-res-1-800x295.png 800w, https:\/\/ugabiopharma.com\/wp-content\/uploads\/2024\/05\/TR-Testmark_9000031294_DE_CMYK_with-QR-Code_hi-res-1-1200x443.png 1200w, https:\/\/ugabiopharma.com\/wp-content\/uploads\/2024\/05\/TR-Testmark_9000031294_DE_CMYK_with-QR-Code_hi-res-1.png 1920w\" data-sizes=\"auto\" data-orig-sizes=\"(max-width: 640px) 100vw, 400px\" \/><\/span><\/div><\/div><\/div><div class=\"fusion-layout-column fusion_builder_column fusion-builder-column-3 fusion_builder_column_2_3 2_3 fusion-flex-column\" style=\"--awb-bg-size:cover;--awb-width-large:66.666666666667%;--awb-margin-top-large:0px;--awb-spacing-right-large:2.88%;--awb-margin-bottom-large:20px;--awb-spacing-left-large:2.88%;--awb-width-medium:66.666666666667%;--awb-order-medium:0;--awb-spacing-right-medium:2.88%;--awb-spacing-left-medium:2.88%;--awb-width-small:100%;--awb-order-small:0;--awb-spacing-right-small:1.92%;--awb-spacing-left-small:1.92%;\"><div class=\"fusion-column-wrapper fusion-column-has-shadow fusion-flex-justify-content-flex-start fusion-content-layout-column\"><\/div><\/div><\/div><\/div><div class=\"fusion-fullwidth fullwidth-box fusion-builder-row-3 fusion-flex-container has-pattern-background has-mask-background gradient-container-3 nonhundred-percent-fullwidth non-hundred-percent-height-scrolling\" style=\"--awb-border-radius-top-left:0px;--awb-border-radius-top-right:0px;--awb-border-radius-bottom-right:0px;--awb-border-radius-bottom-left:0px;--awb-padding-top:100px;--awb-padding-bottom:100px;--awb-flex-wrap:wrap;\" ><div class=\"fusion-builder-row fusion-row fusion-flex-align-items-stretch fusion-flex-content-wrap\" style=\"max-width:1185.6px;margin-left: calc(-4% \/ 2 );margin-right: calc(-4% \/ 2 );\"><div class=\"fusion-layout-column fusion_builder_column fusion-builder-column-4 fusion_builder_column_1_6 1_6 fusion-flex-column\" style=\"--awb-bg-size:cover;--awb-width-large:16.666666666667%;--awb-margin-top-large:0px;--awb-spacing-right-large:0px;--awb-margin-bottom-large:20px;--awb-spacing-left-large:11.52%;--awb-width-medium:16.666666666667%;--awb-order-medium:0;--awb-spacing-right-medium:0px;--awb-spacing-left-medium:11.52%;--awb-width-small:100%;--awb-order-small:0;--awb-spacing-right-small:1.92%;--awb-spacing-left-small:1.92%;\"><div class=\"fusion-column-wrapper fusion-column-has-shadow fusion-flex-justify-content-flex-start fusion-content-layout-column\"><div class=\"fusion-image-element sm-text-align-left\" style=\"text-align:right;--awb-margin-right:15px;--awb-max-width:90px;--awb-caption-title-font-family:var(--h2_typography-font-family);--awb-caption-title-font-weight:var(--h2_typography-font-weight);--awb-caption-title-font-style:var(--h2_typography-font-style);--awb-caption-title-size:var(--h2_typography-font-size);--awb-caption-title-transform:var(--h2_typography-text-transform);--awb-caption-title-line-height:var(--h2_typography-line-height);--awb-caption-title-letter-spacing:var(--h2_typography-letter-spacing);\"><span class=\" fusion-imageframe imageframe-none imageframe-2 hover-type-none\"><img decoding=\"async\" width=\"637\" height=\"424\" alt=\"Quote from UGA Biopharma\" title=\"az-oben-aquamarine\" src=\"https:\/\/ugabiopharma.com\/wp-content\/uploads\/2023\/10\/az-oben-aquamarine.png\" data-orig-src=\"https:\/\/ugabiopharma.com\/wp-content\/uploads\/2023\/10\/az-oben-aquamarine.png\" class=\"lazyload img-responsive wp-image-1654\" srcset=\"data:image\/svg+xml,%3Csvg%20xmlns%3D%27http%3A%2F%2Fwww.w3.org%2F2000%2Fsvg%27%20width%3D%27637%27%20height%3D%27424%27%20viewBox%3D%270%200%20637%20424%27%3E%3Crect%20width%3D%27637%27%20height%3D%27424%27%20fill-opacity%3D%220%22%2F%3E%3C%2Fsvg%3E\" data-srcset=\"https:\/\/ugabiopharma.com\/wp-content\/uploads\/2023\/10\/az-oben-aquamarine-200x133.png 200w, https:\/\/ugabiopharma.com\/wp-content\/uploads\/2023\/10\/az-oben-aquamarine-400x266.png 400w, https:\/\/ugabiopharma.com\/wp-content\/uploads\/2023\/10\/az-oben-aquamarine-600x399.png 600w, https:\/\/ugabiopharma.com\/wp-content\/uploads\/2023\/10\/az-oben-aquamarine.png 637w\" data-sizes=\"auto\" data-orig-sizes=\"(max-width: 640px) 100vw, 200px\" \/><\/span><\/div><\/div><\/div><div class=\"fusion-layout-column fusion_builder_column fusion-builder-column-5 fusion_builder_column_2_3 2_3 fusion-flex-column\" style=\"--awb-bg-size:cover;--awb-width-large:66.666666666667%;--awb-margin-top-large:0px;--awb-spacing-right-large:2.88%;--awb-margin-bottom-large:20px;--awb-spacing-left-large:2.88%;--awb-width-medium:66.666666666667%;--awb-order-medium:0;--awb-spacing-right-medium:2.88%;--awb-spacing-left-medium:2.88%;--awb-width-small:100%;--awb-order-small:0;--awb-spacing-right-small:1.92%;--awb-spacing-left-small:1.92%;\"><div class=\"fusion-column-wrapper fusion-column-has-shadow fusion-flex-justify-content-flex-start fusion-content-layout-column\"><div class=\"fusion-separator fusion-full-width-sep\" style=\"align-self: center;margin-left: auto;margin-right: auto;margin-top:20px;width:100%;\"><\/div><div class=\"fusion-text fusion-text-3 aquamarine zitat\"><p>Das Angebot erstklassiger Leistungen und Produkte f\u00fcr die Zelllinienentwicklung und Zellkulturmedien ist unsere Mission. Mit transparentem Kundenservice sorgen wir daf\u00fcr, dass man sich jederzeit auf uns verlassen kann.<\/p>\n<\/div><div class=\"fusion-text fusion-text-4 aquamarine\"><p>Dr. Eric Guenzi, CEO UGA Biopharma<\/p>\n<\/div><\/div><\/div><div class=\"fusion-layout-column fusion_builder_column fusion-builder-column-6 fusion_builder_column_1_6 1_6 fusion-flex-column\" style=\"--awb-bg-size:cover;--awb-width-large:16.666666666667%;--awb-margin-top-large:0px;--awb-spacing-right-large:11.52%;--awb-margin-bottom-large:20px;--awb-spacing-left-large:0px;--awb-width-medium:16.666666666667%;--awb-order-medium:0;--awb-spacing-right-medium:11.52%;--awb-spacing-left-medium:0px;--awb-width-small:100%;--awb-order-small:0;--awb-spacing-right-small:1.92%;--awb-spacing-left-small:1.92%;\"><div class=\"fusion-column-wrapper fusion-column-has-shadow fusion-flex-justify-content-flex-end fusion-content-layout-column\"><div class=\"fusion-image-element sm-text-align-right\" style=\"text-align:left;--awb-max-width:90px;--awb-caption-title-font-family:var(--h2_typography-font-family);--awb-caption-title-font-weight:var(--h2_typography-font-weight);--awb-caption-title-font-style:var(--h2_typography-font-style);--awb-caption-title-size:var(--h2_typography-font-size);--awb-caption-title-transform:var(--h2_typography-text-transform);--awb-caption-title-line-height:var(--h2_typography-line-height);--awb-caption-title-letter-spacing:var(--h2_typography-letter-spacing);\"><span class=\" fusion-imageframe imageframe-none imageframe-3 hover-type-none\"><img decoding=\"async\" width=\"637\" height=\"424\" alt=\"Quote\" title=\"az-unten-aquamarine\" src=\"https:\/\/ugabiopharma.com\/wp-content\/uploads\/2023\/10\/az-unten-aquamarine.png\" data-orig-src=\"https:\/\/ugabiopharma.com\/wp-content\/uploads\/2023\/10\/az-unten-aquamarine.png\" class=\"lazyload img-responsive wp-image-1660\" srcset=\"data:image\/svg+xml,%3Csvg%20xmlns%3D%27http%3A%2F%2Fwww.w3.org%2F2000%2Fsvg%27%20width%3D%27637%27%20height%3D%27424%27%20viewBox%3D%270%200%20637%20424%27%3E%3Crect%20width%3D%27637%27%20height%3D%27424%27%20fill-opacity%3D%220%22%2F%3E%3C%2Fsvg%3E\" data-srcset=\"https:\/\/ugabiopharma.com\/wp-content\/uploads\/2023\/10\/az-unten-aquamarine-200x133.png 200w, https:\/\/ugabiopharma.com\/wp-content\/uploads\/2023\/10\/az-unten-aquamarine-400x266.png 400w, https:\/\/ugabiopharma.com\/wp-content\/uploads\/2023\/10\/az-unten-aquamarine-600x399.png 600w, https:\/\/ugabiopharma.com\/wp-content\/uploads\/2023\/10\/az-unten-aquamarine.png 637w\" data-sizes=\"auto\" data-orig-sizes=\"(max-width: 640px) 100vw, 200px\" \/><\/span><\/div><\/div><\/div><\/div><\/div><div class=\"fusion-fullwidth fullwidth-box fusion-builder-row-4 fusion-flex-container has-pattern-background has-mask-background gradient-container-4 nonhundred-percent-fullwidth non-hundred-percent-height-scrolling\" style=\"--awb-border-radius-top-left:0px;--awb-border-radius-top-right:0px;--awb-border-radius-bottom-right:0px;--awb-border-radius-bottom-left:0px;--awb-flex-wrap:wrap;\" ><div class=\"fusion-builder-row fusion-row fusion-flex-align-items-flex-start fusion-flex-content-wrap\" style=\"max-width:1185.6px;margin-left: calc(-4% \/ 2 );margin-right: calc(-4% \/ 2 );\"><div class=\"fusion-layout-column fusion_builder_column fusion-builder-column-7 fusion_builder_column_1_1 1_1 fusion-flex-column\" style=\"--awb-bg-size:cover;--awb-transition:filter 300ms ease-in, transform 300ms ease-in, background-color 300ms ease-in, border-color 300ms ease-in;--awb-width-large:100%;--awb-margin-top-large:0px;--awb-spacing-right-large:1.92%;--awb-margin-bottom-large:20px;--awb-spacing-left-large:1.92%;--awb-width-medium:100%;--awb-order-medium:0;--awb-spacing-right-medium:1.92%;--awb-spacing-left-medium:1.92%;--awb-width-small:100%;--awb-order-small:0;--awb-spacing-right-small:1.92%;--awb-spacing-left-small:1.92%;\"><div class=\"fusion-column-wrapper fusion-column-has-shadow fusion-flex-justify-content-flex-start fusion-content-layout-column\"><div class=\"fusion-text fusion-text-5\"><p><span style=\"font-weight: 400;\">Sie m\u00f6chten mehr \u00fcber unser Qualit\u00e4tsversprechen erfahren? Dann nehmen Sie gern Kontakt mit uns auf!<\/span><\/p>\n<\/div><\/div><\/div><\/div><\/div><\/p>\n","protected":false},"excerpt":{"rendered":"","protected":false},"author":6,"featured_media":0,"parent":0,"menu_order":0,"comment_status":"closed","ping_status":"closed","template":"100-width.php","meta":{"footnotes":""},"class_list":["post-645","page","type-page","status-publish","hentry"],"yoast_head":"<!-- This site is optimized with the Yoast SEO plugin v23.6 - https:\/\/yoast.com\/wordpress\/plugins\/seo\/ -->\n<title>Qualit\u00e4t - UGA Biopharma<\/title>\n<meta name=\"description\" content=\"Unser Qualit\u00e4tsmanagement auf Basis der internationalen Norm DIN EN ISO 9001:2015 ist eine tragende S\u00e4ule unserer Unternehmensphilosophie.\" \/>\n<meta name=\"robots\" content=\"index, follow, max-snippet:-1, max-image-preview:large, max-video-preview:-1\" \/>\n<link rel=\"canonical\" href=\"https:\/\/ugabiopharma.com\/de\/qualitaet-qualitaetsmanagement\/\" \/>\n<meta property=\"og:locale\" content=\"de_DE\" \/>\n<meta property=\"og:type\" content=\"article\" \/>\n<meta property=\"og:title\" content=\"Qualit\u00e4t - UGA Biopharma\" \/>\n<meta property=\"og:description\" content=\"Unser Qualit\u00e4tsmanagement auf Basis der internationalen Norm DIN EN ISO 9001:2015 ist eine tragende S\u00e4ule unserer Unternehmensphilosophie.\" \/>\n<meta property=\"og:url\" content=\"https:\/\/ugabiopharma.com\/de\/qualitaet-qualitaetsmanagement\/\" \/>\n<meta property=\"og:site_name\" content=\"UGA Biopharma\" \/>\n<meta property=\"article:modified_time\" content=\"2025-03-02T23:43:10+00:00\" \/>\n<meta property=\"og:image\" content=\"https:\/\/ugabiopharma.com\/wp-content\/uploads\/2023\/05\/uga-biopharma-logo.png\" \/>\n\t<meta property=\"og:image:width\" content=\"224\" \/>\n\t<meta property=\"og:image:height\" content=\"130\" \/>\n\t<meta property=\"og:image:type\" content=\"image\/png\" \/>\n<meta name=\"twitter:card\" content=\"summary_large_image\" \/>\n<meta name=\"twitter:label1\" content=\"Gesch\u00e4tzte Lesezeit\" \/>\n\t<meta name=\"twitter:data1\" content=\"2\u00a0Minuten\" \/>\n<script type=\"application\/ld+json\" class=\"yoast-schema-graph\">{\"@context\":\"https:\/\/schema.org\",\"@graph\":[{\"@type\":\"WebPage\",\"@id\":\"https:\/\/ugabiopharma.com\/de\/qualitaet-qualitaetsmanagement\/\",\"url\":\"https:\/\/ugabiopharma.com\/de\/qualitaet-qualitaetsmanagement\/\",\"name\":\"Qualit\u00e4t - UGA Biopharma\",\"isPartOf\":{\"@id\":\"https:\/\/ugabiopharma.com\/#website\"},\"datePublished\":\"2023-05-11T09:05:29+00:00\",\"dateModified\":\"2025-03-02T23:43:10+00:00\",\"description\":\"Unser Qualit\u00e4tsmanagement auf Basis der internationalen Norm DIN EN ISO 9001:2015 ist eine tragende S\u00e4ule unserer Unternehmensphilosophie.\",\"breadcrumb\":{\"@id\":\"https:\/\/ugabiopharma.com\/de\/qualitaet-qualitaetsmanagement\/#breadcrumb\"},\"inLanguage\":\"de\",\"potentialAction\":[{\"@type\":\"ReadAction\",\"target\":[\"https:\/\/ugabiopharma.com\/de\/qualitaet-qualitaetsmanagement\/\"]}]},{\"@type\":\"BreadcrumbList\",\"@id\":\"https:\/\/ugabiopharma.com\/de\/qualitaet-qualitaetsmanagement\/#breadcrumb\",\"itemListElement\":[{\"@type\":\"ListItem\",\"position\":1,\"name\":\"Home\",\"item\":\"https:\/\/ugabiopharma.com\/de\/\"},{\"@type\":\"ListItem\",\"position\":2,\"name\":\"Qualit\u00e4t\"}]},{\"@type\":\"WebSite\",\"@id\":\"https:\/\/ugabiopharma.com\/#website\",\"url\":\"https:\/\/ugabiopharma.com\/\",\"name\":\"UGA Biopharma\",\"description\":\"\",\"publisher\":{\"@id\":\"https:\/\/ugabiopharma.com\/#organization\"},\"potentialAction\":[{\"@type\":\"SearchAction\",\"target\":{\"@type\":\"EntryPoint\",\"urlTemplate\":\"https:\/\/ugabiopharma.com\/?s={search_term_string}\"},\"query-input\":{\"@type\":\"PropertyValueSpecification\",\"valueRequired\":true,\"valueName\":\"search_term_string\"}}],\"inLanguage\":\"de\"},{\"@type\":\"Organization\",\"@id\":\"https:\/\/ugabiopharma.com\/#organization\",\"name\":\"UGA Biopharma\",\"url\":\"https:\/\/ugabiopharma.com\/\",\"logo\":{\"@type\":\"ImageObject\",\"inLanguage\":\"de\",\"@id\":\"https:\/\/ugabiopharma.com\/#\/schema\/logo\/image\/\",\"url\":\"https:\/\/ugabiopharma.com\/wp-content\/uploads\/2023\/05\/uga-biopharma-logo.png\",\"contentUrl\":\"https:\/\/ugabiopharma.com\/wp-content\/uploads\/2023\/05\/uga-biopharma-logo.png\",\"width\":224,\"height\":130,\"caption\":\"UGA Biopharma\"},\"image\":{\"@id\":\"https:\/\/ugabiopharma.com\/#\/schema\/logo\/image\/\"}}]}<\/script>\n<!-- \/ Yoast SEO plugin. -->","yoast_head_json":{"title":"Qualit\u00e4t - UGA Biopharma","description":"Unser Qualit\u00e4tsmanagement auf Basis der internationalen Norm DIN EN ISO 9001:2015 ist eine tragende S\u00e4ule unserer Unternehmensphilosophie.","robots":{"index":"index","follow":"follow","max-snippet":"max-snippet:-1","max-image-preview":"max-image-preview:large","max-video-preview":"max-video-preview:-1"},"canonical":"https:\/\/ugabiopharma.com\/de\/qualitaet-qualitaetsmanagement\/","og_locale":"de_DE","og_type":"article","og_title":"Qualit\u00e4t - UGA Biopharma","og_description":"Unser Qualit\u00e4tsmanagement auf Basis der internationalen Norm DIN EN ISO 9001:2015 ist eine tragende S\u00e4ule unserer Unternehmensphilosophie.","og_url":"https:\/\/ugabiopharma.com\/de\/qualitaet-qualitaetsmanagement\/","og_site_name":"UGA Biopharma","article_modified_time":"2025-03-02T23:43:10+00:00","og_image":[{"width":224,"height":130,"url":"https:\/\/ugabiopharma.com\/wp-content\/uploads\/2023\/05\/uga-biopharma-logo.png","type":"image\/png"}],"twitter_card":"summary_large_image","twitter_misc":{"Gesch\u00e4tzte Lesezeit":"2\u00a0Minuten"},"schema":{"@context":"https:\/\/schema.org","@graph":[{"@type":"WebPage","@id":"https:\/\/ugabiopharma.com\/de\/qualitaet-qualitaetsmanagement\/","url":"https:\/\/ugabiopharma.com\/de\/qualitaet-qualitaetsmanagement\/","name":"Qualit\u00e4t - UGA Biopharma","isPartOf":{"@id":"https:\/\/ugabiopharma.com\/#website"},"datePublished":"2023-05-11T09:05:29+00:00","dateModified":"2025-03-02T23:43:10+00:00","description":"Unser Qualit\u00e4tsmanagement auf Basis der internationalen Norm DIN EN ISO 9001:2015 ist eine tragende S\u00e4ule unserer Unternehmensphilosophie.","breadcrumb":{"@id":"https:\/\/ugabiopharma.com\/de\/qualitaet-qualitaetsmanagement\/#breadcrumb"},"inLanguage":"de","potentialAction":[{"@type":"ReadAction","target":["https:\/\/ugabiopharma.com\/de\/qualitaet-qualitaetsmanagement\/"]}]},{"@type":"BreadcrumbList","@id":"https:\/\/ugabiopharma.com\/de\/qualitaet-qualitaetsmanagement\/#breadcrumb","itemListElement":[{"@type":"ListItem","position":1,"name":"Home","item":"https:\/\/ugabiopharma.com\/de\/"},{"@type":"ListItem","position":2,"name":"Qualit\u00e4t"}]},{"@type":"WebSite","@id":"https:\/\/ugabiopharma.com\/#website","url":"https:\/\/ugabiopharma.com\/","name":"UGA Biopharma","description":"","publisher":{"@id":"https:\/\/ugabiopharma.com\/#organization"},"potentialAction":[{"@type":"SearchAction","target":{"@type":"EntryPoint","urlTemplate":"https:\/\/ugabiopharma.com\/?s={search_term_string}"},"query-input":{"@type":"PropertyValueSpecification","valueRequired":true,"valueName":"search_term_string"}}],"inLanguage":"de"},{"@type":"Organization","@id":"https:\/\/ugabiopharma.com\/#organization","name":"UGA Biopharma","url":"https:\/\/ugabiopharma.com\/","logo":{"@type":"ImageObject","inLanguage":"de","@id":"https:\/\/ugabiopharma.com\/#\/schema\/logo\/image\/","url":"https:\/\/ugabiopharma.com\/wp-content\/uploads\/2023\/05\/uga-biopharma-logo.png","contentUrl":"https:\/\/ugabiopharma.com\/wp-content\/uploads\/2023\/05\/uga-biopharma-logo.png","width":224,"height":130,"caption":"UGA Biopharma"},"image":{"@id":"https:\/\/ugabiopharma.com\/#\/schema\/logo\/image\/"}}]}},"_links":{"self":[{"href":"https:\/\/ugabiopharma.com\/de\/wp-json\/wp\/v2\/pages\/645","targetHints":{"allow":["GET"]}}],"collection":[{"href":"https:\/\/ugabiopharma.com\/de\/wp-json\/wp\/v2\/pages"}],"about":[{"href":"https:\/\/ugabiopharma.com\/de\/wp-json\/wp\/v2\/types\/page"}],"author":[{"embeddable":true,"href":"https:\/\/ugabiopharma.com\/de\/wp-json\/wp\/v2\/users\/6"}],"replies":[{"embeddable":true,"href":"https:\/\/ugabiopharma.com\/de\/wp-json\/wp\/v2\/comments?post=645"}],"version-history":[{"count":4,"href":"https:\/\/ugabiopharma.com\/de\/wp-json\/wp\/v2\/pages\/645\/revisions"}],"predecessor-version":[{"id":2849,"href":"https:\/\/ugabiopharma.com\/de\/wp-json\/wp\/v2\/pages\/645\/revisions\/2849"}],"wp:attachment":[{"href":"https:\/\/ugabiopharma.com\/de\/wp-json\/wp\/v2\/media?parent=645"}],"curies":[{"name":"wp","href":"https:\/\/api.w.org\/{rel}","templated":true}]}}