{"id":659,"date":"2023-06-05T16:39:25","date_gmt":"2023-06-05T14:39:25","guid":{"rendered":"https:\/\/ugabiopharma.de\/?page_id=659"},"modified":"2024-04-08T13:32:02","modified_gmt":"2024-04-08T11:32:02","slug":"impressum","status":"publish","type":"page","link":"https:\/\/ugabiopharma.com\/de\/impressum\/","title":{"rendered":"Impressum"},"content":{"rendered":"<div class=\"fusion-fullwidth fullwidth-box fusion-builder-row-1 fusion-flex-container has-pattern-background has-mask-background gradient-container-1 nonhundred-percent-fullwidth non-hundred-percent-height-scrolling\" style=\"--awb-border-radius-top-left:0px;--awb-border-radius-top-right:0px;--awb-border-radius-bottom-right:0px;--awb-border-radius-bottom-left:0px;--awb-flex-wrap:wrap;\" ><div class=\"fusion-builder-row fusion-row fusion-flex-align-items-flex-start fusion-flex-content-wrap\" style=\"max-width:1185.6px;margin-left: calc(-4% \/ 2 );margin-right: calc(-4% \/ 2 );\"><div class=\"fusion-layout-column fusion_builder_column fusion-builder-column-0 fusion_builder_column_1_1 1_1 fusion-flex-column\" style=\"--awb-bg-size:cover;--awb-width-large:100%;--awb-margin-top-large:0px;--awb-spacing-right-large:1.92%;--awb-margin-bottom-large:20px;--awb-spacing-left-large:1.92%;--awb-width-medium:100%;--awb-order-medium:0;--awb-spacing-right-medium:1.92%;--awb-spacing-left-medium:1.92%;--awb-width-small:100%;--awb-order-small:0;--awb-spacing-right-small:1.92%;--awb-spacing-left-small:1.92%;\"><div class=\"fusion-column-wrapper fusion-column-has-shadow fusion-flex-justify-content-flex-start fusion-content-layout-column\"><div class=\"fusion-separator fusion-full-width-sep\" style=\"align-self: center;margin-left: auto;margin-right: auto;margin-top:67px;width:100%;\"><\/div><div class=\"fusion-text fusion-text-1\"><h3>Impressum<\/h3>\n<\/div><div class=\"fusion-text fusion-text-2\"><p><strong>Angaben\u00a0gem\u00e4\u00df \u00a7 5 TMG:<\/strong><\/p>\n<p>UGA Biopharma GmbH<br \/>\nNeuendorfstra\u00dfe 20a<\/p>\n<p>16761 Hennigsdorf \/ Germany<\/p>\n<p>Vertreten durch die Gesch\u00e4ftsf\u00fchrer:<br \/>\nDr. Eric Guenzi, Sylwia Naamane<\/p>\n<p><strong>Kontakt:<br \/>\n<\/strong>Telefon: +49 3302 \/ 2024900<br \/>\nFax: +49 3302 \/ 2024901<\/p>\n<p>E-Mail: <a href=\"mailto:info@ugabiopharma.com\">info@ugabiopharma.com<\/a><\/p>\n<p><strong>Registereintrag:<br \/>\n<\/strong>Eintragung im Handelsregister: 07.08.2009<br \/>\nRegistergericht: Amtsgericht Neuruppin<br \/>\nRegisternummer: HRB 8575 NP<br \/>\nRechtsform: Gesellschaft mit beschr\u00e4nkter Haftung<\/p>\n<p><strong>Umsatzsteuer-ID:<br \/>\n<\/strong>Umsatzsteuer-Identifikationsnummer gem\u00e4\u00df \u00a727 a Umsatzsteuergesetz:<br \/>\nDE 266656729<\/p>\n<p><strong>Bildmaterial:<\/strong><br \/>\nWerbefotografie Matthias Baumbach | <a href=\"http:\/\/www.matthiasbaumbach.de\">www.matthiasbaumbach.de<\/a><br \/>\n\u00a9 metamorworks | stock.adobe.com<br \/>\n\u00a9 pinkeyes | stock.adobe.com<\/p>\n<p><strong>F\u00f6rderung:<\/strong><\/p>\n<p><img decoding=\"async\" class=\"lazyload alignnone wp-image-1602 size-medium\" src=\"https:\/\/ugabiopharma.com\/wp-content\/uploads\/2023\/09\/uga-biopharma-EFRE-Logo-300x79.jpg\" data-orig-src=\"https:\/\/ugabiopharma.com\/wp-content\/uploads\/2023\/09\/uga-biopharma-EFRE-Logo-300x79.jpg\" alt=\"\" width=\"300\" height=\"79\" srcset=\"data:image\/svg+xml,%3Csvg%20xmlns%3D%27http%3A%2F%2Fwww.w3.org%2F2000%2Fsvg%27%20width%3D%27300%27%20height%3D%2779%27%20viewBox%3D%270%200%20300%2079%27%3E%3Crect%20width%3D%27300%27%20height%3D%2779%27%20fill-opacity%3D%220%22%2F%3E%3C%2Fsvg%3E\" data-srcset=\"https:\/\/ugabiopharma.com\/wp-content\/uploads\/2023\/09\/uga-biopharma-EFRE-Logo-200x53.jpg 200w, https:\/\/ugabiopharma.com\/wp-content\/uploads\/2023\/09\/uga-biopharma-EFRE-Logo-300x79.jpg 300w, https:\/\/ugabiopharma.com\/wp-content\/uploads\/2023\/09\/uga-biopharma-EFRE-Logo-400x105.jpg 400w, https:\/\/ugabiopharma.com\/wp-content\/uploads\/2023\/09\/uga-biopharma-EFRE-Logo-600x158.jpg 600w, https:\/\/ugabiopharma.com\/wp-content\/uploads\/2023\/09\/uga-biopharma-EFRE-Logo-768x202.jpg 768w, https:\/\/ugabiopharma.com\/wp-content\/uploads\/2023\/09\/uga-biopharma-EFRE-Logo.jpg 782w\" data-sizes=\"auto\" data-orig-sizes=\"(max-width: 300px) 100vw, 300px\" \/><\/p>\n<p>Allgemeine Informationen zum Europ\u00e4ischen Fonds f\u00fcr regionale Entwicklung (EFRE) | <a href=\"http:\/\/www.efre.brandenburg.de\">www.efre.brandenburg.de<\/a><\/p>\n<p>Das diesem Bericht zugrundeliegende Vorhaben wurde mit Mitteln des Ministeriums f\u00fcr Wirtschaft und Europaangelegenheiten des Landes Brandenburg und der EU gef\u00f6rdert. Die Verantwortung f\u00fcr den Inhalt der Ver\u00f6ffentlichung liegt beim Autor.<br \/>\n<strong>Projekt: Herstellung eines real-time RT-PCR Kits<\/strong><\/p>\n<\/div><\/div><\/div><\/div><\/div>\n","protected":false},"excerpt":{"rendered":"","protected":false},"author":6,"featured_media":0,"parent":0,"menu_order":0,"comment_status":"closed","ping_status":"closed","template":"100-width.php","meta":{"footnotes":""},"class_list":["post-659","page","type-page","status-publish","hentry"],"yoast_head":"<!-- This site is optimized with the Yoast SEO plugin v23.6 - https:\/\/yoast.com\/wordpress\/plugins\/seo\/ -->\n<title>Impressum - UGA Biopharma<\/title>\n<meta name=\"description\" content=\"Impressum der UGA Biopharma gem\u00e4\u00df \u00a7 5 TMG\" \/>\n<meta name=\"robots\" content=\"index, follow, max-snippet:-1, max-image-preview:large, max-video-preview:-1\" \/>\n<link rel=\"canonical\" href=\"https:\/\/ugabiopharma.com\/de\/impressum\/\" \/>\n<meta property=\"og:locale\" content=\"de_DE\" \/>\n<meta property=\"og:type\" content=\"article\" \/>\n<meta property=\"og:title\" content=\"Impressum - UGA Biopharma\" \/>\n<meta property=\"og:description\" content=\"Impressum der UGA Biopharma gem\u00e4\u00df \u00a7 5 TMG\" \/>\n<meta property=\"og:url\" content=\"https:\/\/ugabiopharma.com\/de\/impressum\/\" \/>\n<meta property=\"og:site_name\" content=\"UGA Biopharma\" \/>\n<meta property=\"article:modified_time\" content=\"2024-04-08T11:32:02+00:00\" \/>\n<meta property=\"og:image\" content=\"https:\/\/ugabiopharma.com\/wp-content\/uploads\/2023\/09\/uga-biopharma-EFRE-Logo-300x79.jpg\" \/>\n<meta name=\"twitter:card\" content=\"summary_large_image\" \/>\n<meta name=\"twitter:label1\" content=\"Gesch\u00e4tzte Lesezeit\" \/>\n\t<meta name=\"twitter:data1\" content=\"3\u00a0Minuten\" \/>\n<script type=\"application\/ld+json\" class=\"yoast-schema-graph\">{\"@context\":\"https:\/\/schema.org\",\"@graph\":[{\"@type\":\"WebPage\",\"@id\":\"https:\/\/ugabiopharma.com\/de\/impressum\/\",\"url\":\"https:\/\/ugabiopharma.com\/de\/impressum\/\",\"name\":\"Impressum - UGA Biopharma\",\"isPartOf\":{\"@id\":\"https:\/\/ugabiopharma.com\/#website\"},\"primaryImageOfPage\":{\"@id\":\"https:\/\/ugabiopharma.com\/de\/impressum\/#primaryimage\"},\"image\":{\"@id\":\"https:\/\/ugabiopharma.com\/de\/impressum\/#primaryimage\"},\"thumbnailUrl\":\"https:\/\/ugabiopharma.com\/wp-content\/uploads\/2023\/09\/uga-biopharma-EFRE-Logo-300x79.jpg\",\"datePublished\":\"2023-06-05T14:39:25+00:00\",\"dateModified\":\"2024-04-08T11:32:02+00:00\",\"description\":\"Impressum der UGA Biopharma gem\u00e4\u00df \u00a7 5 TMG\",\"breadcrumb\":{\"@id\":\"https:\/\/ugabiopharma.com\/de\/impressum\/#breadcrumb\"},\"inLanguage\":\"de\",\"potentialAction\":[{\"@type\":\"ReadAction\",\"target\":[\"https:\/\/ugabiopharma.com\/de\/impressum\/\"]}]},{\"@type\":\"ImageObject\",\"inLanguage\":\"de\",\"@id\":\"https:\/\/ugabiopharma.com\/de\/impressum\/#primaryimage\",\"url\":\"https:\/\/ugabiopharma.com\/wp-content\/uploads\/2023\/09\/uga-biopharma-EFRE-Logo-300x79.jpg\",\"contentUrl\":\"https:\/\/ugabiopharma.com\/wp-content\/uploads\/2023\/09\/uga-biopharma-EFRE-Logo-300x79.jpg\"},{\"@type\":\"BreadcrumbList\",\"@id\":\"https:\/\/ugabiopharma.com\/de\/impressum\/#breadcrumb\",\"itemListElement\":[{\"@type\":\"ListItem\",\"position\":1,\"name\":\"Home\",\"item\":\"https:\/\/ugabiopharma.com\/de\/\"},{\"@type\":\"ListItem\",\"position\":2,\"name\":\"Impressum\"}]},{\"@type\":\"WebSite\",\"@id\":\"https:\/\/ugabiopharma.com\/#website\",\"url\":\"https:\/\/ugabiopharma.com\/\",\"name\":\"UGA Biopharma\",\"description\":\"\",\"publisher\":{\"@id\":\"https:\/\/ugabiopharma.com\/#organization\"},\"potentialAction\":[{\"@type\":\"SearchAction\",\"target\":{\"@type\":\"EntryPoint\",\"urlTemplate\":\"https:\/\/ugabiopharma.com\/?s={search_term_string}\"},\"query-input\":{\"@type\":\"PropertyValueSpecification\",\"valueRequired\":true,\"valueName\":\"search_term_string\"}}],\"inLanguage\":\"de\"},{\"@type\":\"Organization\",\"@id\":\"https:\/\/ugabiopharma.com\/#organization\",\"name\":\"UGA Biopharma\",\"url\":\"https:\/\/ugabiopharma.com\/\",\"logo\":{\"@type\":\"ImageObject\",\"inLanguage\":\"de\",\"@id\":\"https:\/\/ugabiopharma.com\/#\/schema\/logo\/image\/\",\"url\":\"https:\/\/ugabiopharma.com\/wp-content\/uploads\/2023\/05\/uga-biopharma-logo.png\",\"contentUrl\":\"https:\/\/ugabiopharma.com\/wp-content\/uploads\/2023\/05\/uga-biopharma-logo.png\",\"width\":224,\"height\":130,\"caption\":\"UGA Biopharma\"},\"image\":{\"@id\":\"https:\/\/ugabiopharma.com\/#\/schema\/logo\/image\/\"}}]}<\/script>\n<!-- \/ Yoast SEO plugin. -->","yoast_head_json":{"title":"Impressum - UGA Biopharma","description":"Impressum der UGA Biopharma gem\u00e4\u00df \u00a7 5 TMG","robots":{"index":"index","follow":"follow","max-snippet":"max-snippet:-1","max-image-preview":"max-image-preview:large","max-video-preview":"max-video-preview:-1"},"canonical":"https:\/\/ugabiopharma.com\/de\/impressum\/","og_locale":"de_DE","og_type":"article","og_title":"Impressum - UGA Biopharma","og_description":"Impressum der UGA Biopharma gem\u00e4\u00df \u00a7 5 TMG","og_url":"https:\/\/ugabiopharma.com\/de\/impressum\/","og_site_name":"UGA Biopharma","article_modified_time":"2024-04-08T11:32:02+00:00","og_image":[{"url":"https:\/\/ugabiopharma.com\/wp-content\/uploads\/2023\/09\/uga-biopharma-EFRE-Logo-300x79.jpg"}],"twitter_card":"summary_large_image","twitter_misc":{"Gesch\u00e4tzte Lesezeit":"3\u00a0Minuten"},"schema":{"@context":"https:\/\/schema.org","@graph":[{"@type":"WebPage","@id":"https:\/\/ugabiopharma.com\/de\/impressum\/","url":"https:\/\/ugabiopharma.com\/de\/impressum\/","name":"Impressum - UGA Biopharma","isPartOf":{"@id":"https:\/\/ugabiopharma.com\/#website"},"primaryImageOfPage":{"@id":"https:\/\/ugabiopharma.com\/de\/impressum\/#primaryimage"},"image":{"@id":"https:\/\/ugabiopharma.com\/de\/impressum\/#primaryimage"},"thumbnailUrl":"https:\/\/ugabiopharma.com\/wp-content\/uploads\/2023\/09\/uga-biopharma-EFRE-Logo-300x79.jpg","datePublished":"2023-06-05T14:39:25+00:00","dateModified":"2024-04-08T11:32:02+00:00","description":"Impressum der UGA Biopharma gem\u00e4\u00df \u00a7 5 TMG","breadcrumb":{"@id":"https:\/\/ugabiopharma.com\/de\/impressum\/#breadcrumb"},"inLanguage":"de","potentialAction":[{"@type":"ReadAction","target":["https:\/\/ugabiopharma.com\/de\/impressum\/"]}]},{"@type":"ImageObject","inLanguage":"de","@id":"https:\/\/ugabiopharma.com\/de\/impressum\/#primaryimage","url":"https:\/\/ugabiopharma.com\/wp-content\/uploads\/2023\/09\/uga-biopharma-EFRE-Logo-300x79.jpg","contentUrl":"https:\/\/ugabiopharma.com\/wp-content\/uploads\/2023\/09\/uga-biopharma-EFRE-Logo-300x79.jpg"},{"@type":"BreadcrumbList","@id":"https:\/\/ugabiopharma.com\/de\/impressum\/#breadcrumb","itemListElement":[{"@type":"ListItem","position":1,"name":"Home","item":"https:\/\/ugabiopharma.com\/de\/"},{"@type":"ListItem","position":2,"name":"Impressum"}]},{"@type":"WebSite","@id":"https:\/\/ugabiopharma.com\/#website","url":"https:\/\/ugabiopharma.com\/","name":"UGA Biopharma","description":"","publisher":{"@id":"https:\/\/ugabiopharma.com\/#organization"},"potentialAction":[{"@type":"SearchAction","target":{"@type":"EntryPoint","urlTemplate":"https:\/\/ugabiopharma.com\/?s={search_term_string}"},"query-input":{"@type":"PropertyValueSpecification","valueRequired":true,"valueName":"search_term_string"}}],"inLanguage":"de"},{"@type":"Organization","@id":"https:\/\/ugabiopharma.com\/#organization","name":"UGA Biopharma","url":"https:\/\/ugabiopharma.com\/","logo":{"@type":"ImageObject","inLanguage":"de","@id":"https:\/\/ugabiopharma.com\/#\/schema\/logo\/image\/","url":"https:\/\/ugabiopharma.com\/wp-content\/uploads\/2023\/05\/uga-biopharma-logo.png","contentUrl":"https:\/\/ugabiopharma.com\/wp-content\/uploads\/2023\/05\/uga-biopharma-logo.png","width":224,"height":130,"caption":"UGA Biopharma"},"image":{"@id":"https:\/\/ugabiopharma.com\/#\/schema\/logo\/image\/"}}]}},"_links":{"self":[{"href":"https:\/\/ugabiopharma.com\/de\/wp-json\/wp\/v2\/pages\/659","targetHints":{"allow":["GET"]}}],"collection":[{"href":"https:\/\/ugabiopharma.com\/de\/wp-json\/wp\/v2\/pages"}],"about":[{"href":"https:\/\/ugabiopharma.com\/de\/wp-json\/wp\/v2\/types\/page"}],"author":[{"embeddable":true,"href":"https:\/\/ugabiopharma.com\/de\/wp-json\/wp\/v2\/users\/6"}],"replies":[{"embeddable":true,"href":"https:\/\/ugabiopharma.com\/de\/wp-json\/wp\/v2\/comments?post=659"}],"version-history":[{"count":4,"href":"https:\/\/ugabiopharma.com\/de\/wp-json\/wp\/v2\/pages\/659\/revisions"}],"predecessor-version":[{"id":2534,"href":"https:\/\/ugabiopharma.com\/de\/wp-json\/wp\/v2\/pages\/659\/revisions\/2534"}],"wp:attachment":[{"href":"https:\/\/ugabiopharma.com\/de\/wp-json\/wp\/v2\/media?parent=659"}],"curies":[{"name":"wp","href":"https:\/\/api.w.org\/{rel}","templated":true}]}}